{"id":161,"date":"2017-03-16T17:56:52","date_gmt":"2017-03-16T17:56:52","guid":{"rendered":"http:\/\/collab.di.uniba.it\/semotion\/?page_id=161"},"modified":"2017-05-26T15:21:03","modified_gmt":"2017-05-26T15:21:03","slug":"agenda-2","status":"publish","type":"page","link":"https:\/\/collab.di.uniba.it\/semotion17\/agenda-2\/","title":{"rendered":"Agenda"},"content":{"rendered":"<table>\n<tbody>\n<tr>\n<td width=\"120\">09:00 &#8211; 09:30<\/td>\n<td><strong>Opening<\/strong><a href=\"https:\/\/collab.di.uniba.it\/semotion\/wp-content\/uploads\/sites\/10\/2017\/05\/SEmotionOpening_2017.pdf\"> [slides]<\/a><\/td>\n<\/tr>\n<tr>\n<td width=\"120\">09:30 &#8211; 10:30<\/td>\n<td><strong>Session I: Analysis of Users&#8217; Emotions <\/strong><em>(Chair: Nicole Novielli)<\/em><strong><br \/>\n<\/strong><\/p>\n<p>\n<em><span style=\"font-size: 14px;\">Grant Williams and Anas Mahmoud<\/span><\/em><br \/>\nAnalyzing, Classifying, and Interpreting Emotions in Software Users\u2019 Tweets<a href=\"http:\/\/seel.cse.lsu.edu\/papers\/2017_Emotion.pdf\"> [preprint]<\/a><\/p>\n<p><em><span style=\"font-size: 14px;\">Nelly Condori-Fernandez and Franci Suni<\/span><\/em><br \/>\nUsing Emotions to Empower the Self-adaptation Capability of Software Services<\/p>\n<p><em><span style=\"font-size: 14px;\">Olivier Liechti and Rodney Reis<\/span><\/em><br \/>\nOpenAffect API: a proposal for enabling an ecosystem of emotion awareness tools<\/p>\n<p><em><span style=\"font-size: 14px;\">Daniel Martens and Timo Johann<\/span><\/em><br \/>\nOn the Emotion of Users in App Reviews <a href=\"https:\/\/arxiv.org\/abs\/1703.02256\">[preprint]<\/a><\/td>\n<\/tr>\n<tr>\n<td>10:30 &#8211; 11:00<\/td>\n<td><em>Coffee break<\/em><\/td>\n<\/tr>\n<tr>\n<td>11:00 &#8211; 12:30<\/td>\n<td><strong>Session II: Emotions in Software Development <\/strong><em>(Chair: Bonita Sharif)<\/em><\/p>\n<p><em><span style=\"font-size: 14px;\">Saurabh Sarkar and Chris Parnin<br \/>\n<\/span><\/em>Characterizing and Predicting Mental Fatigue during Programming Tasks <a href=\"https:\/\/github.com\/alt-code\/Research\/blob\/master\/pubs\/fatigue.pdf\"> [preprint]<\/a><\/p>\n<p><em><span style=\"font-size: 14px;\">Mengyao Zhao, Yi Wang and David Redmiles<\/span><\/em><br \/>\nUsing Playful Drawing to Support Affective Expressions and Sharing in Distributed Teams<\/p>\n<p><em><span style=\"font-size: 14px;\">Miikka Kuutila, Mika V. M\u00e4ntyl\u00e4, Ma\u00eblick Claes and Marko Elovainio<\/span><\/em><br \/>\nReviewing Literature on Time Pressure in Software, Engineering and Related Professions &#8211; Computer Assisted,Interdisciplinary Literature Review <a href=\"https:\/\/arxiv.org\/abs\/1703.04372\"> [preprint]<\/a><\/p>\n<p><em>Break<\/em><\/p>\n<p><em><span style=\"font-size: 14px;\">Abdulaziz Alhubaishy and Luigi Benedicenti<\/span><\/em><br \/>\nToward a Model of Emotion Influences on Agile Decision Making<\/p>\n<p><em><span style=\"font-size: 14px;\">Marco Ortu, Giuseppe Destefanis, Steve Counsell, Michele Marchesi and Roberto Tonelli<\/span><\/em><br \/>\nConnecting the Dots: Measuring Effectiveness and Affectiveness in Software Systems <a href=\"https:\/\/www.researchgate.net\/publication\/313818841_Connecting_the_Dots_Measuring_Effectiveness_and_Affectiveness_in_Software_Systems\"> [preprint]<\/a><\/p>\n<p><em><span style=\"font-size: 14px;\">Daniel Graziotin, Fabian Fagerholm, Xiaofeng Wang and Pekka Abrahamsson<\/span><\/em><br \/>\nConsequences of Unhappiness While Developing Software <a href=\"https:\/\/arxiv.org\/abs\/1701.05789\"> [preprint]<\/a><\/td>\n<\/tr>\n<tr>\n<td>12:30 &#8211; 14:00<\/td>\n<td><em>Lunch break<\/em><\/td>\n<\/tr>\n<tr>\n<td>14:00 &#8211; 14:45<\/td>\n<td><strong>Session III.A &#8211; Poster Session<\/strong><\/td>\n<\/tr>\n<tr>\n<td>14:50 &#8211; 15:30<\/td>\n<td><strong>Session III.B &#8211; Keynote <\/strong><em>(Chair: Andrew Begel)<\/em><br \/>\n<br \/>\n<em>David Redmiles (University of California, Irvine)<\/em><strong><em><br \/>\n<\/em><\/strong><span style=\"color: #ff6600;\">How I Have Come to Love the Informal Aspects of Collaborative Software Engineering! <a style=\"color: #ff6600;\" href=\"https:\/\/collab.di.uniba.it\/semotion\/?page_id=139&amp;preview=true\">[abstract]<\/a><\/span><strong><br \/>\n<\/strong><\/td>\n<\/tr>\n<tr>\n<td>15:30 &#8211; 16:00<\/td>\n<td><em>Coffee break<\/em><\/td>\n<\/tr>\n<tr>\n<td>16: 00 &#8211; 16:30<\/td>\n<td><strong>Session IV: Emotion Modeling and Measurement<\/strong> <em>(Chair: Filippo Lanubile)<\/em><br \/>\n<br \/>\n<em><span style=\"font-size: 14px;\">Alexandra Fountaine and Bonita Sharif<\/span><\/em><br \/>\nEmotional Awareness in Software Development: Theory and Measurement<\/p>\n<p><em><span style=\"font-size: 14px;\">Jan-Peter Ostberg, Daniel Graziotin, Stefan Wagner and Birgit Derntl<\/span><\/em><br \/>\nTowards the Assessment of Stress and Emotional Responses of a Salutogenesis-Enhanced Software Tool Using Psychophysiological Measurements <a href=\"https:\/\/arxiv.org\/abs\/1701.05739\">[preprint]<\/a><\/td>\n<\/tr>\n<tr>\n<td>16:30 &#8211; 17:30<\/td>\n<td><strong>Discussion and Closing<\/strong> <a href=\"https:\/\/collab.di.uniba.it\/semotion\/wp-content\/uploads\/sites\/10\/2017\/05\/Summary_of_Discussion.pdf\"> [Summary]<\/a> <\/td>\n<\/tr>\n<\/tbody>\n<\/table>\n","protected":false},"excerpt":{"rendered":"<p>09:00 &#8211; 09:30 Opening [slides] 09:30 &#8211; 10:30 Session I: Analysis of Users&#8217; Emotions (Chair: Nicole Novielli) Grant Williams and Anas Mahmoud Analyzing, Classifying, and Interpreting Emotions in Software Users\u2019 Tweets [preprint] Nelly Condori-Fernandez and Franci Suni Using Emotions to<\/p>\n","protected":false},"author":5,"featured_media":0,"parent":0,"menu_order":0,"comment_status":"closed","ping_status":"closed","template":"","meta":{"footnotes":""},"class_list":["post-161","page","type-page","status-publish","hentry"],"yoast_head":"<!-- This site is optimized with the Yoast SEO plugin v27.3 - https:\/\/yoast.com\/product\/yoast-seo-wordpress\/ -->\n<title>Agenda - SEmotion &#039;17<\/title>\n<meta name=\"robots\" content=\"index, follow, max-snippet:-1, max-image-preview:large, max-video-preview:-1\" \/>\n<link rel=\"canonical\" href=\"https:\/\/collab.di.uniba.it\/semotion17\/agenda-2\/\" \/>\n<meta property=\"og:locale\" content=\"en_US\" \/>\n<meta property=\"og:type\" content=\"article\" \/>\n<meta property=\"og:title\" content=\"Agenda - SEmotion &#039;17\" \/>\n<meta property=\"og:description\" content=\"09:00 &#8211; 09:30 Opening [slides] 09:30 &#8211; 10:30 Session I: Analysis of Users&#8217; Emotions (Chair: Nicole Novielli) Grant Williams and Anas Mahmoud Analyzing, Classifying, and Interpreting Emotions in Software Users\u2019 Tweets [preprint] Nelly Condori-Fernandez and Franci Suni Using Emotions to\" \/>\n<meta property=\"og:url\" content=\"https:\/\/collab.di.uniba.it\/semotion17\/agenda-2\/\" \/>\n<meta property=\"og:site_name\" content=\"SEmotion &#039;17\" \/>\n<meta property=\"article:modified_time\" content=\"2017-05-26T15:21:03+00:00\" \/>\n<meta name=\"twitter:card\" content=\"summary_large_image\" \/>\n<meta name=\"twitter:label1\" content=\"Est. reading time\" \/>\n\t<meta name=\"twitter:data1\" content=\"2 minutes\" \/>\n<script type=\"application\/ld+json\" class=\"yoast-schema-graph\">{\"@context\":\"https:\\\/\\\/schema.org\",\"@graph\":[{\"@type\":\"WebPage\",\"@id\":\"https:\\\/\\\/collab.di.uniba.it\\\/semotion17\\\/agenda-2\\\/\",\"url\":\"https:\\\/\\\/collab.di.uniba.it\\\/semotion17\\\/agenda-2\\\/\",\"name\":\"Agenda - SEmotion &#039;17\",\"isPartOf\":{\"@id\":\"https:\\\/\\\/collab.di.uniba.it\\\/semotion17\\\/#website\"},\"datePublished\":\"2017-03-16T17:56:52+00:00\",\"dateModified\":\"2017-05-26T15:21:03+00:00\",\"breadcrumb\":{\"@id\":\"https:\\\/\\\/collab.di.uniba.it\\\/semotion17\\\/agenda-2\\\/#breadcrumb\"},\"inLanguage\":\"en-US\",\"potentialAction\":[{\"@type\":\"ReadAction\",\"target\":[\"https:\\\/\\\/collab.di.uniba.it\\\/semotion17\\\/agenda-2\\\/\"]}]},{\"@type\":\"BreadcrumbList\",\"@id\":\"https:\\\/\\\/collab.di.uniba.it\\\/semotion17\\\/agenda-2\\\/#breadcrumb\",\"itemListElement\":[{\"@type\":\"ListItem\",\"position\":1,\"name\":\"Home\",\"item\":\"https:\\\/\\\/collab.di.uniba.it\\\/semotion17\\\/\"},{\"@type\":\"ListItem\",\"position\":2,\"name\":\"Agenda\"}]},{\"@type\":\"WebSite\",\"@id\":\"https:\\\/\\\/collab.di.uniba.it\\\/semotion17\\\/#website\",\"url\":\"https:\\\/\\\/collab.di.uniba.it\\\/semotion17\\\/\",\"name\":\"SEmotion &#039;17\",\"description\":\"Second International Workshop on Emotion Awareness in Software Engineering\",\"publisher\":{\"@id\":\"https:\\\/\\\/collab.di.uniba.it\\\/semotion17\\\/#organization\"},\"potentialAction\":[{\"@type\":\"SearchAction\",\"target\":{\"@type\":\"EntryPoint\",\"urlTemplate\":\"https:\\\/\\\/collab.di.uniba.it\\\/semotion17\\\/?s={search_term_string}\"},\"query-input\":{\"@type\":\"PropertyValueSpecification\",\"valueRequired\":true,\"valueName\":\"search_term_string\"}}],\"inLanguage\":\"en-US\"},{\"@type\":\"Organization\",\"@id\":\"https:\\\/\\\/collab.di.uniba.it\\\/semotion17\\\/#organization\",\"name\":\"SEmotion &#039;17\",\"url\":\"https:\\\/\\\/collab.di.uniba.it\\\/semotion17\\\/\",\"logo\":{\"@type\":\"ImageObject\",\"inLanguage\":\"en-US\",\"@id\":\"https:\\\/\\\/collab.di.uniba.it\\\/semotion17\\\/#\\\/schema\\\/logo\\\/image\\\/\",\"url\":\"https:\\\/\\\/collab.di.uniba.it\\\/semotion17\\\/wp-content\\\/uploads\\\/sites\\\/10\\\/2016\\\/09\\\/semotion-logo-2017-e1473854617739.png\",\"contentUrl\":\"https:\\\/\\\/collab.di.uniba.it\\\/semotion17\\\/wp-content\\\/uploads\\\/sites\\\/10\\\/2016\\\/09\\\/semotion-logo-2017-e1473854617739.png\",\"width\":120,\"height\":120,\"caption\":\"SEmotion &#039;17\"},\"image\":{\"@id\":\"https:\\\/\\\/collab.di.uniba.it\\\/semotion17\\\/#\\\/schema\\\/logo\\\/image\\\/\"}}]}<\/script>\n<!-- \/ Yoast SEO plugin. -->","yoast_head_json":{"title":"Agenda - SEmotion &#039;17","robots":{"index":"index","follow":"follow","max-snippet":"max-snippet:-1","max-image-preview":"max-image-preview:large","max-video-preview":"max-video-preview:-1"},"canonical":"https:\/\/collab.di.uniba.it\/semotion17\/agenda-2\/","og_locale":"en_US","og_type":"article","og_title":"Agenda - SEmotion &#039;17","og_description":"09:00 &#8211; 09:30 Opening [slides] 09:30 &#8211; 10:30 Session I: Analysis of Users&#8217; Emotions (Chair: Nicole Novielli) Grant Williams and Anas Mahmoud Analyzing, Classifying, and Interpreting Emotions in Software Users\u2019 Tweets [preprint] Nelly Condori-Fernandez and Franci Suni Using Emotions to","og_url":"https:\/\/collab.di.uniba.it\/semotion17\/agenda-2\/","og_site_name":"SEmotion &#039;17","article_modified_time":"2017-05-26T15:21:03+00:00","twitter_card":"summary_large_image","twitter_misc":{"Est. reading time":"2 minutes"},"schema":{"@context":"https:\/\/schema.org","@graph":[{"@type":"WebPage","@id":"https:\/\/collab.di.uniba.it\/semotion17\/agenda-2\/","url":"https:\/\/collab.di.uniba.it\/semotion17\/agenda-2\/","name":"Agenda - SEmotion &#039;17","isPartOf":{"@id":"https:\/\/collab.di.uniba.it\/semotion17\/#website"},"datePublished":"2017-03-16T17:56:52+00:00","dateModified":"2017-05-26T15:21:03+00:00","breadcrumb":{"@id":"https:\/\/collab.di.uniba.it\/semotion17\/agenda-2\/#breadcrumb"},"inLanguage":"en-US","potentialAction":[{"@type":"ReadAction","target":["https:\/\/collab.di.uniba.it\/semotion17\/agenda-2\/"]}]},{"@type":"BreadcrumbList","@id":"https:\/\/collab.di.uniba.it\/semotion17\/agenda-2\/#breadcrumb","itemListElement":[{"@type":"ListItem","position":1,"name":"Home","item":"https:\/\/collab.di.uniba.it\/semotion17\/"},{"@type":"ListItem","position":2,"name":"Agenda"}]},{"@type":"WebSite","@id":"https:\/\/collab.di.uniba.it\/semotion17\/#website","url":"https:\/\/collab.di.uniba.it\/semotion17\/","name":"SEmotion &#039;17","description":"Second International Workshop on Emotion Awareness in Software Engineering","publisher":{"@id":"https:\/\/collab.di.uniba.it\/semotion17\/#organization"},"potentialAction":[{"@type":"SearchAction","target":{"@type":"EntryPoint","urlTemplate":"https:\/\/collab.di.uniba.it\/semotion17\/?s={search_term_string}"},"query-input":{"@type":"PropertyValueSpecification","valueRequired":true,"valueName":"search_term_string"}}],"inLanguage":"en-US"},{"@type":"Organization","@id":"https:\/\/collab.di.uniba.it\/semotion17\/#organization","name":"SEmotion &#039;17","url":"https:\/\/collab.di.uniba.it\/semotion17\/","logo":{"@type":"ImageObject","inLanguage":"en-US","@id":"https:\/\/collab.di.uniba.it\/semotion17\/#\/schema\/logo\/image\/","url":"https:\/\/collab.di.uniba.it\/semotion17\/wp-content\/uploads\/sites\/10\/2016\/09\/semotion-logo-2017-e1473854617739.png","contentUrl":"https:\/\/collab.di.uniba.it\/semotion17\/wp-content\/uploads\/sites\/10\/2016\/09\/semotion-logo-2017-e1473854617739.png","width":120,"height":120,"caption":"SEmotion &#039;17"},"image":{"@id":"https:\/\/collab.di.uniba.it\/semotion17\/#\/schema\/logo\/image\/"}}]}},"jetpack_sharing_enabled":true,"_links":{"self":[{"href":"https:\/\/collab.di.uniba.it\/semotion17\/wp-json\/wp\/v2\/pages\/161","targetHints":{"allow":["GET"]}}],"collection":[{"href":"https:\/\/collab.di.uniba.it\/semotion17\/wp-json\/wp\/v2\/pages"}],"about":[{"href":"https:\/\/collab.di.uniba.it\/semotion17\/wp-json\/wp\/v2\/types\/page"}],"author":[{"embeddable":true,"href":"https:\/\/collab.di.uniba.it\/semotion17\/wp-json\/wp\/v2\/users\/5"}],"replies":[{"embeddable":true,"href":"https:\/\/collab.di.uniba.it\/semotion17\/wp-json\/wp\/v2\/comments?post=161"}],"version-history":[{"count":31,"href":"https:\/\/collab.di.uniba.it\/semotion17\/wp-json\/wp\/v2\/pages\/161\/revisions"}],"predecessor-version":[{"id":229,"href":"https:\/\/collab.di.uniba.it\/semotion17\/wp-json\/wp\/v2\/pages\/161\/revisions\/229"}],"wp:attachment":[{"href":"https:\/\/collab.di.uniba.it\/semotion17\/wp-json\/wp\/v2\/media?parent=161"}],"curies":[{"name":"wp","href":"https:\/\/api.w.org\/{rel}","templated":true}]}}