{"id":161,"date":"2017-03-16T17:56:52","date_gmt":"2017-03-16T17:56:52","guid":{"rendered":"http:\/\/collab.di.uniba.it\/semotion\/?page_id=161"},"modified":"2018-03-07T14:28:43","modified_gmt":"2018-03-07T14:28:43","slug":"accepted","status":"publish","type":"page","link":"https:\/\/collab.di.uniba.it\/semotion\/accepted\/","title":{"rendered":"Accepted Papers"},"content":{"rendered":"<p><strong><em>Accepted Papers<br \/>\n<\/em><\/strong><\/p>\n<ul>\n<li><strong>Making Meeting Success Measurable by Participants\u2019 Feedback<\/strong><br \/>\nNils Prenner, Jil Kl\u00fcnder, Kurt Schneider<br \/>\nLeibniz Universit\u00e4t Hannover<\/li>\n<li><strong><em>The Evolution of Emotional Displays in Open Source Software Development Teams: An Individual Growth Curve Analysis<\/em><\/strong><br \/>\nKarl Werder<br \/>\nUniversity University of Duisburg-Essen<\/li>\n<li><strong><em>Entity-Level Sentiment Analysis of Issue Comments<\/em><\/strong><br \/>\nJin Ding, Hailong Sun, Xu Wang, Xudong Liu<br \/>\nBeihang University<\/li>\n<li><strong><em>On Measuring Affects of GitHub Issue&#8217;s Commenters<\/em><\/strong><br \/>\nGiuseppe Destefanis, Marco Ortu, David Bowes, Michele Marchesi, Roberto Tonelli<br \/>\nUniversity of Herfordshire, University of Cagliari<\/li>\n<li><strong><em>Contextualizing Inferred Programming Difficulties<\/em><\/strong><br \/>\nJason Carter, Prasun Dewan<br \/>\nCisco Systems, The University of North Carolina at Chapel Hill<\/li>\n<li><strong><em>Sentiment and Politeness Analysis Tools on Developer Discussions Are Unreliable, but So Are People<\/em><\/strong><br \/>\nNasif Imtiaz, Justin Middleton, Peter Girouard, Emerson Murphy-Hill<br \/>\nNorth Carolina State University<\/li>\n<li><strong><em>Effects of Automated Competency Evaluation on Software Engineers\u2019 Emotions and Motivation: A Case Study<\/em><\/strong><br \/>\nGul Calikli, Mohammed Al-Eryan, Emil Baldebo, Jennifer Horkoff, Alexander Ask<br \/>\nChalmers &amp; University of Gothenburg, Sigma IT Consulting<\/li>\n<li><strong><em>Sensing Developers\u2019 Emotions: The Design of a Replicated Experiment<\/em><\/strong><br \/>\nDaniela Girardi, Filippo Lanubile, Nicole Novielli, Davide Fucci<br \/>\nUniversity of Bari, University of Hamburg<\/li>\n<li><strong><em>MEME \u2013 Toward a Method for EMotions Extraction from GitHub<\/em><\/strong><br \/>\nKarl Werder, Sjaak Brinkkemper<br \/>\nUniversity of Duisburg-Essen, Utrecht University<\/li>\n<li><strong><em>Daily Questionnaire to Assess Self-Reported Well-Being During Software Development Project<\/em><\/strong><br \/>\nMiikka Kuutila, Mika M\u00e4ntyl\u00e4, Ma\u00eblick Claes, Marko Elovainio<br \/>\nUniversity of Oulu, University of Helsinki<\/li>\n<\/ul>\n","protected":false},"excerpt":{"rendered":"<p>Accepted Papers Making Meeting Success Measurable by Participants\u2019 Feedback Nils Prenner, Jil Kl\u00fcnder, Kurt Schneider Leibniz Universit\u00e4t Hannover The Evolution of Emotional Displays in Open Source Software Development Teams: An Individual Growth Curve Analysis Karl Werder University University of Duisburg-Essen<\/p>\n","protected":false},"author":1,"featured_media":0,"parent":0,"menu_order":0,"comment_status":"closed","ping_status":"closed","template":"","meta":{"footnotes":""},"class_list":["post-161","page","type-page","status-publish","hentry"],"yoast_head":"<!-- This site is optimized with the Yoast SEO plugin v27.3 - https:\/\/yoast.com\/product\/yoast-seo-wordpress\/ -->\n<title>Accepted Papers - SEmotion &#039;18<\/title>\n<meta name=\"robots\" content=\"index, follow, max-snippet:-1, max-image-preview:large, max-video-preview:-1\" \/>\n<link rel=\"canonical\" href=\"https:\/\/collab.di.uniba.it\/semotion\/accepted\/\" \/>\n<meta property=\"og:locale\" content=\"en_US\" \/>\n<meta property=\"og:type\" content=\"article\" \/>\n<meta property=\"og:title\" content=\"Accepted Papers - SEmotion &#039;18\" \/>\n<meta property=\"og:description\" content=\"Accepted Papers Making Meeting Success Measurable by Participants\u2019 Feedback Nils Prenner, Jil Kl\u00fcnder, Kurt Schneider Leibniz Universit\u00e4t Hannover The Evolution of Emotional Displays in Open Source Software Development Teams: An Individual Growth Curve Analysis Karl Werder University University of Duisburg-Essen\" \/>\n<meta property=\"og:url\" content=\"https:\/\/collab.di.uniba.it\/semotion\/accepted\/\" \/>\n<meta property=\"og:site_name\" content=\"SEmotion &#039;18\" \/>\n<meta property=\"article:modified_time\" content=\"2018-03-07T14:28:43+00:00\" \/>\n<meta name=\"twitter:card\" content=\"summary_large_image\" \/>\n<meta name=\"twitter:label1\" content=\"Est. reading time\" \/>\n\t<meta name=\"twitter:data1\" content=\"1 minute\" \/>\n<script type=\"application\/ld+json\" class=\"yoast-schema-graph\">{\"@context\":\"https:\\\/\\\/schema.org\",\"@graph\":[{\"@type\":\"WebPage\",\"@id\":\"https:\\\/\\\/collab.di.uniba.it\\\/semotion\\\/accepted\\\/\",\"url\":\"https:\\\/\\\/collab.di.uniba.it\\\/semotion\\\/accepted\\\/\",\"name\":\"Accepted Papers - SEmotion &#039;18\",\"isPartOf\":{\"@id\":\"https:\\\/\\\/collab.di.uniba.it\\\/semotion\\\/#website\"},\"datePublished\":\"2017-03-16T17:56:52+00:00\",\"dateModified\":\"2018-03-07T14:28:43+00:00\",\"breadcrumb\":{\"@id\":\"https:\\\/\\\/collab.di.uniba.it\\\/semotion\\\/accepted\\\/#breadcrumb\"},\"inLanguage\":\"en-US\",\"potentialAction\":[{\"@type\":\"ReadAction\",\"target\":[\"https:\\\/\\\/collab.di.uniba.it\\\/semotion\\\/accepted\\\/\"]}]},{\"@type\":\"BreadcrumbList\",\"@id\":\"https:\\\/\\\/collab.di.uniba.it\\\/semotion\\\/accepted\\\/#breadcrumb\",\"itemListElement\":[{\"@type\":\"ListItem\",\"position\":1,\"name\":\"Home\",\"item\":\"https:\\\/\\\/collab.di.uniba.it\\\/semotion\\\/\"},{\"@type\":\"ListItem\",\"position\":2,\"name\":\"Accepted Papers\"}]},{\"@type\":\"WebSite\",\"@id\":\"https:\\\/\\\/collab.di.uniba.it\\\/semotion\\\/#website\",\"url\":\"https:\\\/\\\/collab.di.uniba.it\\\/semotion\\\/\",\"name\":\"SEmotion &#039;18\",\"description\":\"Third International Workshop on Emotion Awareness in Software Engineering\",\"potentialAction\":[{\"@type\":\"SearchAction\",\"target\":{\"@type\":\"EntryPoint\",\"urlTemplate\":\"https:\\\/\\\/collab.di.uniba.it\\\/semotion\\\/?s={search_term_string}\"},\"query-input\":{\"@type\":\"PropertyValueSpecification\",\"valueRequired\":true,\"valueName\":\"search_term_string\"}}],\"inLanguage\":\"en-US\"}]}<\/script>\n<!-- \/ Yoast SEO plugin. -->","yoast_head_json":{"title":"Accepted Papers - SEmotion &#039;18","robots":{"index":"index","follow":"follow","max-snippet":"max-snippet:-1","max-image-preview":"max-image-preview:large","max-video-preview":"max-video-preview:-1"},"canonical":"https:\/\/collab.di.uniba.it\/semotion\/accepted\/","og_locale":"en_US","og_type":"article","og_title":"Accepted Papers - SEmotion &#039;18","og_description":"Accepted Papers Making Meeting Success Measurable by Participants\u2019 Feedback Nils Prenner, Jil Kl\u00fcnder, Kurt Schneider Leibniz Universit\u00e4t Hannover The Evolution of Emotional Displays in Open Source Software Development Teams: An Individual Growth Curve Analysis Karl Werder University University of Duisburg-Essen","og_url":"https:\/\/collab.di.uniba.it\/semotion\/accepted\/","og_site_name":"SEmotion &#039;18","article_modified_time":"2018-03-07T14:28:43+00:00","twitter_card":"summary_large_image","twitter_misc":{"Est. reading time":"1 minute"},"schema":{"@context":"https:\/\/schema.org","@graph":[{"@type":"WebPage","@id":"https:\/\/collab.di.uniba.it\/semotion\/accepted\/","url":"https:\/\/collab.di.uniba.it\/semotion\/accepted\/","name":"Accepted Papers - SEmotion &#039;18","isPartOf":{"@id":"https:\/\/collab.di.uniba.it\/semotion\/#website"},"datePublished":"2017-03-16T17:56:52+00:00","dateModified":"2018-03-07T14:28:43+00:00","breadcrumb":{"@id":"https:\/\/collab.di.uniba.it\/semotion\/accepted\/#breadcrumb"},"inLanguage":"en-US","potentialAction":[{"@type":"ReadAction","target":["https:\/\/collab.di.uniba.it\/semotion\/accepted\/"]}]},{"@type":"BreadcrumbList","@id":"https:\/\/collab.di.uniba.it\/semotion\/accepted\/#breadcrumb","itemListElement":[{"@type":"ListItem","position":1,"name":"Home","item":"https:\/\/collab.di.uniba.it\/semotion\/"},{"@type":"ListItem","position":2,"name":"Accepted Papers"}]},{"@type":"WebSite","@id":"https:\/\/collab.di.uniba.it\/semotion\/#website","url":"https:\/\/collab.di.uniba.it\/semotion\/","name":"SEmotion &#039;18","description":"Third International Workshop on Emotion Awareness in Software Engineering","potentialAction":[{"@type":"SearchAction","target":{"@type":"EntryPoint","urlTemplate":"https:\/\/collab.di.uniba.it\/semotion\/?s={search_term_string}"},"query-input":{"@type":"PropertyValueSpecification","valueRequired":true,"valueName":"search_term_string"}}],"inLanguage":"en-US"}]}},"jetpack_sharing_enabled":true,"_links":{"self":[{"href":"https:\/\/collab.di.uniba.it\/semotion\/wp-json\/wp\/v2\/pages\/161","targetHints":{"allow":["GET"]}}],"collection":[{"href":"https:\/\/collab.di.uniba.it\/semotion\/wp-json\/wp\/v2\/pages"}],"about":[{"href":"https:\/\/collab.di.uniba.it\/semotion\/wp-json\/wp\/v2\/types\/page"}],"author":[{"embeddable":true,"href":"https:\/\/collab.di.uniba.it\/semotion\/wp-json\/wp\/v2\/users\/1"}],"replies":[{"embeddable":true,"href":"https:\/\/collab.di.uniba.it\/semotion\/wp-json\/wp\/v2\/comments?post=161"}],"version-history":[{"count":4,"href":"https:\/\/collab.di.uniba.it\/semotion\/wp-json\/wp\/v2\/pages\/161\/revisions"}],"predecessor-version":[{"id":347,"href":"https:\/\/collab.di.uniba.it\/semotion\/wp-json\/wp\/v2\/pages\/161\/revisions\/347"}],"wp:attachment":[{"href":"https:\/\/collab.di.uniba.it\/semotion\/wp-json\/wp\/v2\/media?parent=161"}],"curies":[{"name":"wp","href":"https:\/\/api.w.org\/{rel}","templated":true}]}}