{"id":139,"date":"2017-03-16T17:58:09","date_gmt":"2017-03-16T17:58:09","guid":{"rendered":"http:\/\/collab.di.uniba.it\/semotion\/?page_id=139"},"modified":"2018-06-06T09:15:40","modified_gmt":"2018-06-06T09:15:40","slug":"program","status":"publish","type":"page","link":"https:\/\/collab.di.uniba.it\/semotion\/program\/","title":{"rendered":"Program"},"content":{"rendered":"<h3><span style=\"color: #339966;\"><strong>Workshop Location: <\/strong>Gothia Towers, 2nd floor, R24+25<\/span><\/h3>\n<table>\n<tbody>\n<tr>\n<td width=\"120\">09:00 &#8211; 09:15<\/td>\n<td><strong>Welcome and Introductions<\/strong><\/td>\n<\/tr>\n<tr>\n<td width=\"120\">09:15 &#8211; 10:30<\/td>\n<td><strong>Session I <\/strong>&#8211; <em>Chair: Gul Calikli<\/em><\/p>\n<p><em><span style=\"font-size: 14px;\">Karl Werder<\/span><\/em><br \/>\nThe Evolution of Emotional Displays in Open Source Software Development Teams: An Individual Growth Curve Analysis (20 min)<\/p>\n<p><em><span style=\"font-size: 14px;\">Jin Ding, Hailong Sun, Xu Wang, Xudong Liu<\/span><\/em><br \/>\nEntity-Level Sentiment Analysis of Issue Comments (20 min)<\/p>\n<p><em><span style=\"font-size: 14px;\">Giuseppe Destefanis, Marco Ortu, David Bowes, Michele Marchesi, Roberto Tonelli<\/span><\/em><br \/>\nOn Measuring Affects of GitHub Issue&#8217;s Commenters (20 min)<\/td>\n<\/tr>\n<tr>\n<td>10:30 &#8211; 11:00<\/td>\n<td><em>Coffee break<\/em><\/td>\n<\/tr>\n<tr>\n<td>11:00 &#8211; 12:15<\/td>\n<td><strong>Session II <\/strong><em>&#8211; Chair: Filippo Lanubile<br \/>\n<\/em><em><br \/>\n<\/em><em><span style=\"font-size: 14px;\">Nils Prenner, Jil Kl\u00fcnder, Kurt Schneider<br \/>\n<\/span><\/em>Making Meeting Success Measurable by Participants\u2019 Feedback (20 min)<\/p>\n<p><em><span style=\"font-size: 14px;\">Jason Carter, Prasun Dewan<\/span><\/em><br \/>\nContextualizing Inferred Programming Difficulties (20 min)<\/p>\n<p><em><span style=\"font-size: 14px;\">Miikka Kuutila, Mika M\u00e4ntyl\u00e4, Ma\u00eblick Claes, Marko Elovainio<\/span><\/em><br \/>\nDaily Questionnaire to Assess Self-Reported Well-Being During Software Development Project (short) (15 min)<\/p>\n<p><em><span style=\"font-size: 14px;\">Gul Calikli, Mohammed Al-Eryan, Emil Baldebo, Jennifer Horkoff, Alexander Ask<\/span><\/em><br \/>\nEffects of Automated Competency Evaluation on Software Engineers\u2019 Emotions and Motivation: A Case Study (20 min)<\/td>\n<\/tr>\n<tr>\n<td>12:30 &#8211; 14:00<\/td>\n<td><em>Lunch break<\/em><\/td>\n<\/tr>\n<tr>\n<td>14:00 &#8211; 14:45<\/td>\n<td><strong>Poster Session<\/strong><\/td>\n<\/tr>\n<tr>\n<td>14:50 &#8211; 15:30<\/td>\n<td><strong>Panel on SE Domain-Specific Sentiment Analysis<\/strong><\/td>\n<\/tr>\n<tr>\n<td>15:30 &#8211; 16:00<\/td>\n<td><em>Coffee break<\/em><\/td>\n<\/tr>\n<tr>\n<td>16: 00 &#8211; 16:35<\/td>\n<td><strong>Session III (Methodology) <\/strong><em>&#8211; Chair Prasun Dewan<\/em><\/p>\n<p><em><span style=\"font-size: 14px;\">Daniela Girardi, Filippo Lanubile, Nicole Novielli, Davide Fucci<\/span><\/em><br \/>\nSensing Developers\u2019 Emotions: The Design of a Replicated Experiment (short) (15 min)<\/p>\n<p><em><span style=\"font-size: 14px;\">Nasif Imtiaz, Justin Middleton, Peter Girouard, Emerson Murphy-Hill<\/span><\/em><br \/>\nSentiment and Politeness Analysis Tools on Developer Discussions Are Unreliable, but so Are People (20 min)<\/p>\n<p><em>Karl Werder, Sjaak Brinkkemper<\/em><br \/>\nMEME \u2013 Toward a Method for EMotions Extraction from GitHub (short) (15 min)<\/td>\n<\/tr>\n<tr>\n<td>16:35 &#8211; 17:30<\/td>\n<td><strong>Discussion and Closing &#8211; <a href=\"https:\/\/collab.di.uniba.it\/semotion\/wp-content\/uploads\/sites\/13\/2018\/06\/SEmotion18_Discussion-notes.pdf\">Discussion notes<\/a><br \/>\n<\/strong><\/td>\n<\/tr>\n<\/tbody>\n<\/table>\n","protected":false},"excerpt":{"rendered":"<p>Workshop Location: Gothia Towers, 2nd floor, R24+25 09:00 &#8211; 09:15 Welcome and Introductions 09:15 &#8211; 10:30 Session I &#8211; Chair: Gul Calikli Karl Werder The Evolution of Emotional Displays in Open Source Software Development Teams: An Individual Growth Curve Analysis<\/p>\n","protected":false},"author":1,"featured_media":0,"parent":0,"menu_order":0,"comment_status":"closed","ping_status":"closed","template":"","meta":{"footnotes":""},"class_list":["post-139","page","type-page","status-publish","hentry"],"yoast_head":"<!-- This site is optimized with the Yoast SEO plugin v27.3 - https:\/\/yoast.com\/product\/yoast-seo-wordpress\/ -->\n<title>Program - SEmotion &#039;18<\/title>\n<meta name=\"robots\" content=\"index, follow, max-snippet:-1, max-image-preview:large, max-video-preview:-1\" \/>\n<link rel=\"canonical\" href=\"https:\/\/collab.di.uniba.it\/semotion\/program\/\" \/>\n<meta property=\"og:locale\" content=\"en_US\" \/>\n<meta property=\"og:type\" content=\"article\" \/>\n<meta property=\"og:title\" content=\"Program - SEmotion &#039;18\" \/>\n<meta property=\"og:description\" content=\"Workshop Location: Gothia Towers, 2nd floor, R24+25 09:00 &#8211; 09:15 Welcome and Introductions 09:15 &#8211; 10:30 Session I &#8211; Chair: Gul Calikli Karl Werder The Evolution of Emotional Displays in Open Source Software Development Teams: An Individual Growth Curve Analysis\" \/>\n<meta property=\"og:url\" content=\"https:\/\/collab.di.uniba.it\/semotion\/program\/\" \/>\n<meta property=\"og:site_name\" content=\"SEmotion &#039;18\" \/>\n<meta property=\"article:modified_time\" content=\"2018-06-06T09:15:40+00:00\" \/>\n<meta name=\"twitter:card\" content=\"summary_large_image\" \/>\n<meta name=\"twitter:label1\" content=\"Est. reading time\" \/>\n\t<meta name=\"twitter:data1\" content=\"1 minute\" \/>\n<script type=\"application\/ld+json\" class=\"yoast-schema-graph\">{\"@context\":\"https:\\\/\\\/schema.org\",\"@graph\":[{\"@type\":\"WebPage\",\"@id\":\"https:\\\/\\\/collab.di.uniba.it\\\/semotion\\\/program\\\/\",\"url\":\"https:\\\/\\\/collab.di.uniba.it\\\/semotion\\\/program\\\/\",\"name\":\"Program - SEmotion &#039;18\",\"isPartOf\":{\"@id\":\"https:\\\/\\\/collab.di.uniba.it\\\/semotion\\\/#website\"},\"datePublished\":\"2017-03-16T17:58:09+00:00\",\"dateModified\":\"2018-06-06T09:15:40+00:00\",\"breadcrumb\":{\"@id\":\"https:\\\/\\\/collab.di.uniba.it\\\/semotion\\\/program\\\/#breadcrumb\"},\"inLanguage\":\"en-US\",\"potentialAction\":[{\"@type\":\"ReadAction\",\"target\":[\"https:\\\/\\\/collab.di.uniba.it\\\/semotion\\\/program\\\/\"]}]},{\"@type\":\"BreadcrumbList\",\"@id\":\"https:\\\/\\\/collab.di.uniba.it\\\/semotion\\\/program\\\/#breadcrumb\",\"itemListElement\":[{\"@type\":\"ListItem\",\"position\":1,\"name\":\"Home\",\"item\":\"https:\\\/\\\/collab.di.uniba.it\\\/semotion\\\/\"},{\"@type\":\"ListItem\",\"position\":2,\"name\":\"Program\"}]},{\"@type\":\"WebSite\",\"@id\":\"https:\\\/\\\/collab.di.uniba.it\\\/semotion\\\/#website\",\"url\":\"https:\\\/\\\/collab.di.uniba.it\\\/semotion\\\/\",\"name\":\"SEmotion &#039;18\",\"description\":\"Third International Workshop on Emotion Awareness in Software Engineering\",\"potentialAction\":[{\"@type\":\"SearchAction\",\"target\":{\"@type\":\"EntryPoint\",\"urlTemplate\":\"https:\\\/\\\/collab.di.uniba.it\\\/semotion\\\/?s={search_term_string}\"},\"query-input\":{\"@type\":\"PropertyValueSpecification\",\"valueRequired\":true,\"valueName\":\"search_term_string\"}}],\"inLanguage\":\"en-US\"}]}<\/script>\n<!-- \/ Yoast SEO plugin. -->","yoast_head_json":{"title":"Program - SEmotion &#039;18","robots":{"index":"index","follow":"follow","max-snippet":"max-snippet:-1","max-image-preview":"max-image-preview:large","max-video-preview":"max-video-preview:-1"},"canonical":"https:\/\/collab.di.uniba.it\/semotion\/program\/","og_locale":"en_US","og_type":"article","og_title":"Program - SEmotion &#039;18","og_description":"Workshop Location: Gothia Towers, 2nd floor, R24+25 09:00 &#8211; 09:15 Welcome and Introductions 09:15 &#8211; 10:30 Session I &#8211; Chair: Gul Calikli Karl Werder The Evolution of Emotional Displays in Open Source Software Development Teams: An Individual Growth Curve Analysis","og_url":"https:\/\/collab.di.uniba.it\/semotion\/program\/","og_site_name":"SEmotion &#039;18","article_modified_time":"2018-06-06T09:15:40+00:00","twitter_card":"summary_large_image","twitter_misc":{"Est. reading time":"1 minute"},"schema":{"@context":"https:\/\/schema.org","@graph":[{"@type":"WebPage","@id":"https:\/\/collab.di.uniba.it\/semotion\/program\/","url":"https:\/\/collab.di.uniba.it\/semotion\/program\/","name":"Program - SEmotion &#039;18","isPartOf":{"@id":"https:\/\/collab.di.uniba.it\/semotion\/#website"},"datePublished":"2017-03-16T17:58:09+00:00","dateModified":"2018-06-06T09:15:40+00:00","breadcrumb":{"@id":"https:\/\/collab.di.uniba.it\/semotion\/program\/#breadcrumb"},"inLanguage":"en-US","potentialAction":[{"@type":"ReadAction","target":["https:\/\/collab.di.uniba.it\/semotion\/program\/"]}]},{"@type":"BreadcrumbList","@id":"https:\/\/collab.di.uniba.it\/semotion\/program\/#breadcrumb","itemListElement":[{"@type":"ListItem","position":1,"name":"Home","item":"https:\/\/collab.di.uniba.it\/semotion\/"},{"@type":"ListItem","position":2,"name":"Program"}]},{"@type":"WebSite","@id":"https:\/\/collab.di.uniba.it\/semotion\/#website","url":"https:\/\/collab.di.uniba.it\/semotion\/","name":"SEmotion &#039;18","description":"Third International Workshop on Emotion Awareness in Software Engineering","potentialAction":[{"@type":"SearchAction","target":{"@type":"EntryPoint","urlTemplate":"https:\/\/collab.di.uniba.it\/semotion\/?s={search_term_string}"},"query-input":{"@type":"PropertyValueSpecification","valueRequired":true,"valueName":"search_term_string"}}],"inLanguage":"en-US"}]}},"jetpack_sharing_enabled":true,"_links":{"self":[{"href":"https:\/\/collab.di.uniba.it\/semotion\/wp-json\/wp\/v2\/pages\/139","targetHints":{"allow":["GET"]}}],"collection":[{"href":"https:\/\/collab.di.uniba.it\/semotion\/wp-json\/wp\/v2\/pages"}],"about":[{"href":"https:\/\/collab.di.uniba.it\/semotion\/wp-json\/wp\/v2\/types\/page"}],"author":[{"embeddable":true,"href":"https:\/\/collab.di.uniba.it\/semotion\/wp-json\/wp\/v2\/users\/1"}],"replies":[{"embeddable":true,"href":"https:\/\/collab.di.uniba.it\/semotion\/wp-json\/wp\/v2\/comments?post=139"}],"version-history":[{"count":22,"href":"https:\/\/collab.di.uniba.it\/semotion\/wp-json\/wp\/v2\/pages\/139\/revisions"}],"predecessor-version":[{"id":349,"href":"https:\/\/collab.di.uniba.it\/semotion\/wp-json\/wp\/v2\/pages\/139\/revisions\/349"}],"wp:attachment":[{"href":"https:\/\/collab.di.uniba.it\/semotion\/wp-json\/wp\/v2\/media?parent=139"}],"curies":[{"name":"wp","href":"https:\/\/api.w.org\/{rel}","templated":true}]}}