{"id":784,"date":"2025-02-28T08:51:09","date_gmt":"2025-02-28T08:51:09","guid":{"rendered":"https:\/\/collab.di.uniba.it\/mlops\/?page_id=784"},"modified":"2025-10-24T22:46:00","modified_gmt":"2025-10-24T22:46:00","slug":"program","status":"publish","type":"page","link":"https:\/\/collab.di.uniba.it\/mlops\/program\/","title":{"rendered":"Program"},"content":{"rendered":"<table aria-label=\"Workshop Program Schedule\">\n<thead>\n<tr>\n<th scope=\"col\">Time<\/th>\n<th scope=\"col\">Event<\/th>\n<\/tr>\n<\/thead>\n<tbody>\n<tr class=\"opening\">\n<td>09:00\u201309:05<\/td>\n<td><strong>Opening<\/strong><\/td>\n<\/tr>\n<tr class=\"keynote\">\n<td>09:05\u201309:45<\/td>\n<td>\n          <strong>Keynote 1<\/strong>: Thomas Vrancken (ML6, University of Li\u00e8ge &#8211; Belgium)<br \/>\n          <em>&#8220;Considerations When Building Multi-agent Applications&#8221;<\/em>\n      <\/td>\n<\/tr>\n<tr class=\"session\">\n<td>09:45\u201310:30<\/td>\n<td>\n<p class=\"session-title\"><strong>Session 1: Healthcare &amp; Regulatory Applications<\/strong><\/p>\n<p><em>Chair: Giulio Mallardi<\/em><\/p>\n<ul>\n<li>\n            Alberto Marfoglia, Antonio Robustelli, Christian D&#8217;Errico, Sabato Mellone and Antonella Carbonaro,<br \/>\n            <em>&#8220;A LLMOps-Driven Framework for Clinical Data Harmonization&#8221;<\/em>\n          <\/li>\n<li>\n            Antonio Robustelli, Alberto Marfoglia, Christian D&#8217;Errico, Sabato Mellone and Antonella Carbonaro,<br \/>\n            <em>&#8220;Feasibility of MLOps-based Healthcare Pipelines in Ensuring the Cybersecurity Framework&#8221;<\/em>\n          <\/li>\n<li>\n            Fabrizio Rosmarino, Giulio Mallardi, Luigi Quaranta and Filippo Lanubile,<br \/>\n            <em>&#8220;MLOps-Driven Automation of Regulatory Documentation for AI-Based Medical Software&#8221;<\/em>\n          <\/li>\n<\/ul>\n<\/td>\n<\/tr>\n<tr class=\"break\">\n<td>10:30\u201311:00<\/td>\n<td><strong>Coffee Break &amp; Networking<\/strong><\/td>\n<\/tr>\n<tr class=\"session\">\n<td>11:00\u201311:45<\/td>\n<td>\n<p class=\"session-title\"><strong>Session 2: Frameworks &amp; Collaborative Practices<\/strong><\/p>\n<p><em>Chair: Antonella Carbonaro<\/em><\/p>\n<ul>\n<li>\n            Antonio Crespi Tobe\u00f1a, Maria Monserrat Barcel\u00f3, Antonia Mas Pichaco and Antoni-Llu\u00eds Mesquida Calafat,<br \/>\n            <em>&#8220;Towards a Process Reference Model for Machine Learning Applications: Challenges and Opportunities&#8221;<\/em>\n          <\/li>\n<li>\n            Charbel Daoud, Danielle Azar, Julie Boich\u00e9, Christelle Urtado and Sylvain Vauttier,<br \/>\n            <em>&#8220;SkeltyMLOps: Orchestrating Collaborative MLOps Activities&#8221;<\/em>\n          <\/li>\n<li>\n            Albana Celepija, Bruno Lepri and Raman Kazhamiakin,<br \/>\n            <em>&#8220;Towards a Structured AI Development Lifecycle for Reusable AI Products in the Public Sector&#8221;<\/em>\n          <\/li>\n<\/ul>\n<\/td>\n<\/tr>\n<tr class=\"session\">\n<td>11:45\u201312:30<\/td>\n<td>\n<p class=\"session-title\"><strong>Session 3: Engineering Infrastructure &amp; Automation<\/strong><\/p>\n<p><em>Chair: Gilberto Recupito<\/em><\/p>\n<ul>\n<li>\n            Davide Loconte, Saverio Ieva, Agnese Pinto, Filippo Gramegna, Giuseppe Loseto, Floriano Scioscia and Michele Ruta,<br \/>\n            <em>&#8220;A Serverless Cloud-to-Thing Framework for TinyMLOps Workflows&#8221;<\/em>\n          <\/li>\n<li>\n            Tobias Klein<br \/>\n            <em>&#8220;Killing Configuration Debt with a Single-Source, DVC-Driven Pipeline: An Industrial Experience Report&#8221;<\/em>\n          <\/li>\n<li>\n            Tibo Bruneel, Welf L\u00f6we, Morgan Ericsson, Jonas Nordqvist and Diego Perez-Palacin,<br \/>\n            <em>&#8220;Automated Code Translation Using an Engineering-Driven Pipeline Approach of Language Models&#8221;<\/em>\n          <\/li>\n<\/ul>\n<\/td>\n<\/tr>\n<tr class=\"lunch\">\n<td>12:30\u201314:30<\/td>\n<td><strong>Lunch Break<\/strong><\/td>\n<\/tr>\n<tr class=\"keynote\">\n<td>14:30\u201315:30<\/td>\n<td>\n        <strong>Keynote 2 (remote)<\/strong>: Marcos Kalinowski (PUC-Rio, Brazil)<br \/>\n        <em>&#8220;Beyond MLOps: A Research Roadmap for Engineering Multi-Paradigm AI Systems&#8221;<\/em>\n      <\/td>\n<\/tr>\n<tr class=\"break\">\n<td>15:30\u201316:00<\/td>\n<td><strong>Coffee Break &amp; Networking<\/strong><\/td>\n<\/tr>\n<tr class=\"session\" style=\"background: #61b0a1\">\n<td>16:00\u201316:30<\/td>\n<td>\n<p class=\"session-title\"><strong>Session 4: Data Quality &amp; Model Monitoring<\/strong><\/p>\n<p><em>Chair: Luigi Quaranta<\/em><\/p>\n<ul>\n<li>\n            Gilberto Recupito, Giammaria Giordano, Dario Di Nucci and Fabio Palomba,<br \/>\n            <em>&#8220;Detecting Semantic Data Smells with BERT: A Transformer-Based Approach to Data Quality&#8221;<\/em>\n          <\/li>\n<li>\n            Lara Luys and Mathias Verbeke,<br \/>\n            <em>&#8220;Disentangled Latent Space-Based Drift Detection for Efficient Model Monitoring in Edge MLOps&#8221;<\/em>\n          <\/li>\n<\/ul>\n<\/td>\n<\/tr>\n<tr class=\"closing\">\n<td>16:30\u201316:45<\/td>\n<td><strong>Closing Remarks<\/strong><\/td>\n<\/tr>\n<\/tbody>\n<\/table>\n<p>\n  <strong>\ud83d\udccd Venue:<\/strong> Plesso di Ingegneria (Engineering Faculty) \u2013 Room 0.7, Viale Risorgimento 2, 40136 Bologna, Italy<br \/>\n  \u26a0\ufe0f <strong>Note:<\/strong> Navigation systems may suggest incorrect entrances. Registration desk is at the address above.<br \/>\n  \ud83d\udeb6 <strong>From city center:<\/strong> 25 min walk mainly under Bologna&#8217;s famous porticos (<a href=\"https:\/\/maps.app.goo.gl\/NUpNiqj4ExrBiC9y6\" target=\"_blank\">recommended route<\/a>)<\/p>\n","protected":false},"excerpt":{"rendered":"<p>Time Event 09:00\u201309:05 Opening 09:05\u201309:45 Keynote 1: Thomas Vrancken (ML6, University of Li\u00e8ge &#8211; Belgium) &#8220;Considerations When Building Multi-agent Applications&#8221; 09:45\u201310:30 Session 1: Healthcare &amp; Regulatory Applications Chair: Giulio Mallardi Alberto Marfoglia, Antonio Robustelli, Christian D&#8217;Errico, Sabato Mellone and Antonella Carbonaro, &#8220;A LLMOps-Driven Framework for Clinical Data Harmonization&#8221; Antonio Robustelli, Alberto Marfoglia, Christian D&#8217;Errico, Sabato &hellip; <\/p>\n","protected":false},"author":28,"featured_media":0,"parent":0,"menu_order":0,"comment_status":"closed","ping_status":"closed","template":"","meta":{"footnotes":""},"class_list":["post-784","page","type-page","status-publish","hentry"],"yoast_head":"<!-- This site is optimized with the Yoast SEO plugin v27.3 - https:\/\/yoast.com\/product\/yoast-seo-wordpress\/ -->\n<title>Program - MLOps25 Workshop<\/title>\n<meta name=\"robots\" content=\"index, follow, max-snippet:-1, max-image-preview:large, max-video-preview:-1\" \/>\n<link rel=\"canonical\" href=\"https:\/\/collab.di.uniba.it\/mlops\/program\/\" \/>\n<meta property=\"og:locale\" content=\"en_US\" \/>\n<meta property=\"og:type\" content=\"article\" \/>\n<meta property=\"og:title\" content=\"Program - MLOps25 Workshop\" \/>\n<meta property=\"og:description\" content=\"Time Event 09:00\u201309:05 Opening 09:05\u201309:45 Keynote 1: Thomas Vrancken (ML6, University of Li\u00e8ge &#8211; Belgium) &#8220;Considerations When Building Multi-agent Applications&#8221; 09:45\u201310:30 Session 1: Healthcare &amp; Regulatory Applications Chair: Giulio Mallardi Alberto Marfoglia, Antonio Robustelli, Christian D&#8217;Errico, Sabato Mellone and Antonella Carbonaro, &#8220;A LLMOps-Driven Framework for Clinical Data Harmonization&#8221; Antonio Robustelli, Alberto Marfoglia, Christian D&#8217;Errico, Sabato &hellip;\" \/>\n<meta property=\"og:url\" content=\"https:\/\/collab.di.uniba.it\/mlops\/program\/\" \/>\n<meta property=\"og:site_name\" content=\"MLOps25 Workshop\" \/>\n<meta property=\"article:modified_time\" content=\"2025-10-24T22:46:00+00:00\" \/>\n<meta name=\"twitter:card\" content=\"summary_large_image\" \/>\n<meta name=\"twitter:label1\" content=\"Est. reading time\" \/>\n\t<meta name=\"twitter:data1\" content=\"2 minutes\" \/>\n<script type=\"application\/ld+json\" class=\"yoast-schema-graph\">{\"@context\":\"https:\\\/\\\/schema.org\",\"@graph\":[{\"@type\":\"WebPage\",\"@id\":\"https:\\\/\\\/collab.di.uniba.it\\\/mlops\\\/program\\\/\",\"url\":\"https:\\\/\\\/collab.di.uniba.it\\\/mlops\\\/program\\\/\",\"name\":\"Program - MLOps25 Workshop\",\"isPartOf\":{\"@id\":\"https:\\\/\\\/collab.di.uniba.it\\\/mlops\\\/#website\"},\"datePublished\":\"2025-02-28T08:51:09+00:00\",\"dateModified\":\"2025-10-24T22:46:00+00:00\",\"breadcrumb\":{\"@id\":\"https:\\\/\\\/collab.di.uniba.it\\\/mlops\\\/program\\\/#breadcrumb\"},\"inLanguage\":\"en-US\",\"potentialAction\":[{\"@type\":\"ReadAction\",\"target\":[\"https:\\\/\\\/collab.di.uniba.it\\\/mlops\\\/program\\\/\"]}]},{\"@type\":\"BreadcrumbList\",\"@id\":\"https:\\\/\\\/collab.di.uniba.it\\\/mlops\\\/program\\\/#breadcrumb\",\"itemListElement\":[{\"@type\":\"ListItem\",\"position\":1,\"name\":\"Home\",\"item\":\"https:\\\/\\\/collab.di.uniba.it\\\/mlops\\\/\"},{\"@type\":\"ListItem\",\"position\":2,\"name\":\"Program\"}]},{\"@type\":\"WebSite\",\"@id\":\"https:\\\/\\\/collab.di.uniba.it\\\/mlops\\\/#website\",\"url\":\"https:\\\/\\\/collab.di.uniba.it\\\/mlops\\\/\",\"name\":\"MLOps25 Workshop\",\"description\":\"\",\"publisher\":{\"@id\":\"https:\\\/\\\/collab.di.uniba.it\\\/mlops\\\/#organization\"},\"potentialAction\":[{\"@type\":\"SearchAction\",\"target\":{\"@type\":\"EntryPoint\",\"urlTemplate\":\"https:\\\/\\\/collab.di.uniba.it\\\/mlops\\\/?s={search_term_string}\"},\"query-input\":{\"@type\":\"PropertyValueSpecification\",\"valueRequired\":true,\"valueName\":\"search_term_string\"}}],\"inLanguage\":\"en-US\"},{\"@type\":\"Organization\",\"@id\":\"https:\\\/\\\/collab.di.uniba.it\\\/mlops\\\/#organization\",\"name\":\"MLOps25 Workshop\",\"url\":\"https:\\\/\\\/collab.di.uniba.it\\\/mlops\\\/\",\"logo\":{\"@type\":\"ImageObject\",\"inLanguage\":\"en-US\",\"@id\":\"https:\\\/\\\/collab.di.uniba.it\\\/mlops\\\/#\\\/schema\\\/logo\\\/image\\\/\",\"url\":\"https:\\\/\\\/collab.di.uniba.it\\\/mlops\\\/wp-content\\\/uploads\\\/sites\\\/27\\\/2025\\\/02\\\/cropped-mlops-removebg-preview-e1740741823969.png\",\"contentUrl\":\"https:\\\/\\\/collab.di.uniba.it\\\/mlops\\\/wp-content\\\/uploads\\\/sites\\\/27\\\/2025\\\/02\\\/cropped-mlops-removebg-preview-e1740741823969.png\",\"width\":260,\"height\":113,\"caption\":\"MLOps25 Workshop\"},\"image\":{\"@id\":\"https:\\\/\\\/collab.di.uniba.it\\\/mlops\\\/#\\\/schema\\\/logo\\\/image\\\/\"}}]}<\/script>\n<!-- \/ Yoast SEO plugin. -->","yoast_head_json":{"title":"Program - MLOps25 Workshop","robots":{"index":"index","follow":"follow","max-snippet":"max-snippet:-1","max-image-preview":"max-image-preview:large","max-video-preview":"max-video-preview:-1"},"canonical":"https:\/\/collab.di.uniba.it\/mlops\/program\/","og_locale":"en_US","og_type":"article","og_title":"Program - MLOps25 Workshop","og_description":"Time Event 09:00\u201309:05 Opening 09:05\u201309:45 Keynote 1: Thomas Vrancken (ML6, University of Li\u00e8ge &#8211; Belgium) &#8220;Considerations When Building Multi-agent Applications&#8221; 09:45\u201310:30 Session 1: Healthcare &amp; Regulatory Applications Chair: Giulio Mallardi Alberto Marfoglia, Antonio Robustelli, Christian D&#8217;Errico, Sabato Mellone and Antonella Carbonaro, &#8220;A LLMOps-Driven Framework for Clinical Data Harmonization&#8221; Antonio Robustelli, Alberto Marfoglia, Christian D&#8217;Errico, Sabato &hellip;","og_url":"https:\/\/collab.di.uniba.it\/mlops\/program\/","og_site_name":"MLOps25 Workshop","article_modified_time":"2025-10-24T22:46:00+00:00","twitter_card":"summary_large_image","twitter_misc":{"Est. reading time":"2 minutes"},"schema":{"@context":"https:\/\/schema.org","@graph":[{"@type":"WebPage","@id":"https:\/\/collab.di.uniba.it\/mlops\/program\/","url":"https:\/\/collab.di.uniba.it\/mlops\/program\/","name":"Program - MLOps25 Workshop","isPartOf":{"@id":"https:\/\/collab.di.uniba.it\/mlops\/#website"},"datePublished":"2025-02-28T08:51:09+00:00","dateModified":"2025-10-24T22:46:00+00:00","breadcrumb":{"@id":"https:\/\/collab.di.uniba.it\/mlops\/program\/#breadcrumb"},"inLanguage":"en-US","potentialAction":[{"@type":"ReadAction","target":["https:\/\/collab.di.uniba.it\/mlops\/program\/"]}]},{"@type":"BreadcrumbList","@id":"https:\/\/collab.di.uniba.it\/mlops\/program\/#breadcrumb","itemListElement":[{"@type":"ListItem","position":1,"name":"Home","item":"https:\/\/collab.di.uniba.it\/mlops\/"},{"@type":"ListItem","position":2,"name":"Program"}]},{"@type":"WebSite","@id":"https:\/\/collab.di.uniba.it\/mlops\/#website","url":"https:\/\/collab.di.uniba.it\/mlops\/","name":"MLOps25 Workshop","description":"","publisher":{"@id":"https:\/\/collab.di.uniba.it\/mlops\/#organization"},"potentialAction":[{"@type":"SearchAction","target":{"@type":"EntryPoint","urlTemplate":"https:\/\/collab.di.uniba.it\/mlops\/?s={search_term_string}"},"query-input":{"@type":"PropertyValueSpecification","valueRequired":true,"valueName":"search_term_string"}}],"inLanguage":"en-US"},{"@type":"Organization","@id":"https:\/\/collab.di.uniba.it\/mlops\/#organization","name":"MLOps25 Workshop","url":"https:\/\/collab.di.uniba.it\/mlops\/","logo":{"@type":"ImageObject","inLanguage":"en-US","@id":"https:\/\/collab.di.uniba.it\/mlops\/#\/schema\/logo\/image\/","url":"https:\/\/collab.di.uniba.it\/mlops\/wp-content\/uploads\/sites\/27\/2025\/02\/cropped-mlops-removebg-preview-e1740741823969.png","contentUrl":"https:\/\/collab.di.uniba.it\/mlops\/wp-content\/uploads\/sites\/27\/2025\/02\/cropped-mlops-removebg-preview-e1740741823969.png","width":260,"height":113,"caption":"MLOps25 Workshop"},"image":{"@id":"https:\/\/collab.di.uniba.it\/mlops\/#\/schema\/logo\/image\/"}}]}},"_links":{"self":[{"href":"https:\/\/collab.di.uniba.it\/mlops\/wp-json\/wp\/v2\/pages\/784","targetHints":{"allow":["GET"]}}],"collection":[{"href":"https:\/\/collab.di.uniba.it\/mlops\/wp-json\/wp\/v2\/pages"}],"about":[{"href":"https:\/\/collab.di.uniba.it\/mlops\/wp-json\/wp\/v2\/types\/page"}],"author":[{"embeddable":true,"href":"https:\/\/collab.di.uniba.it\/mlops\/wp-json\/wp\/v2\/users\/28"}],"replies":[{"embeddable":true,"href":"https:\/\/collab.di.uniba.it\/mlops\/wp-json\/wp\/v2\/comments?post=784"}],"version-history":[{"count":18,"href":"https:\/\/collab.di.uniba.it\/mlops\/wp-json\/wp\/v2\/pages\/784\/revisions"}],"predecessor-version":[{"id":999,"href":"https:\/\/collab.di.uniba.it\/mlops\/wp-json\/wp\/v2\/pages\/784\/revisions\/999"}],"wp:attachment":[{"href":"https:\/\/collab.di.uniba.it\/mlops\/wp-json\/wp\/v2\/media?parent=784"}],"curies":[{"name":"wp","href":"https:\/\/api.w.org\/{rel}","templated":true}]}}