{"id":623,"date":"2015-02-23T17:09:10","date_gmt":"2015-02-23T16:09:10","guid":{"rendered":"http:\/\/collab.di.uniba.it\/fabio\/?page_id=623"},"modified":"2015-03-06T18:44:12","modified_gmt":"2015-03-06T17:44:12","slug":"guida-installazione-e-configurazione-ambiente-di-sviluppo-eclipse-cdt-cunit-linux","status":"publish","type":"page","link":"https:\/\/collab.di.uniba.it\/fabio\/guide\/guida-installazione-e-configurazione-ambiente-di-sviluppo-eclipse-cdt-cunit-linux\/","title":{"rendered":"Guida installazione e configurazione ambiente di sviluppo Eclipse CDT &amp; CUnit [#Linux]"},"content":{"rendered":"<p>Questo tutorial descrive i passi necessari per l&#8217;installazione e la configurazione su macchine Linux (Ubuntu e distribuzioni derivate)\u00a0dell&#8217;ambiente di sviluppo Eclipse CDT con CUnit.<\/p>\n<p>Sono necessari i privilegi di root (sudo user).<\/p>\n<h3>Nota per gli altri OS *nix<\/h3>\n<p>Per sistemi Mac OS X, occorre prima installare X Code, la suite di sviluppo di Apple, che porta con s\u00e9 il compilatore C. Una volta installato, anche Eclipse CDT funzioner\u00e0 correttamente.<\/p>\n<h3>Installazione Eclipse CDT<\/h3>\n<p>Questo passo provvede a installare l&#8217;ambiente Eclipse CDT.\u00a0<a href=\"https:\/\/www.eclipse.org\/downloads\/\" target=\"_blank\">Effettuate il download di \u201cEclipse IDE for C\/C++ Developers\u201d<\/a>, accertandovi\u00a0di selezionare il sistema operativo corretto e l&#8217;architettura giusta (32 o 64 bit).<\/p>\n<p>Per \u00a0installare \u00e8 sufficiente decomprimere\u00a0l\u2019archivio in una cartella qualunque,\u00a0\u00a0per es. \u201c~\/eclipseCDT\/\u201d.<\/p>\n<p style=\"text-align: center;\">\u00a0<a href=\"https:\/\/collab.di.uniba.it\/fabio\/wp-content\/uploads\/sites\/5\/2015\/02\/Screenshot-from-2015-02-23-174756.png\"><img loading=\"lazy\" decoding=\"async\" class=\"alignnone wp-image-630 \" title=\"downloadcdt\" src=\"https:\/\/collab.di.uniba.it\/fabio\/wp-content\/uploads\/sites\/5\/2015\/02\/Screenshot-from-2015-02-23-174756.png\" alt=\"\" width=\"541\" height=\"532\" \/><\/a><\/p>\n<p style=\"text-align: center;\"><strong>Figura 1<\/strong><\/p>\n<p>Per eseguire Eclipse CDT lanciare lo script &#8220;eclipse&#8221; presente nella directory scompattata.<\/p>\n<h3>Download delle librerie standard del C<\/h3>\n<p>Aprire il terminale (Ctrl+Alt+t) e digitare il comando:<\/p>\n<p>sudo\u00a0apt-get install build-essential<\/p>\n<h3>Installazione di CUnit<\/h3>\n<p>Aprire il terminale (Ctrl+Alt+t) e digitare il comando:<\/p>\n<p>sudo\u00a0apt-get install libcunit1 libcunit1-doc libcunit1-dev<\/p>\n<h3>Configurazione Eclipse CDT<\/h3>\n<p>A questo punto siete pronti ad eseguire eclipse e a compilare programmi C\/C++.\u00a0Avviate Eclipse e selezionate il workspace, cio\u00e8 la cartella dove risiederanno i progetti. Per creare un nuovo progetto C, selezionate il wizard corrispondente (File -&gt; New -&gt; C Project).<\/p>\n<p>Nel wizard inserite il nome progetto (in questo caso \u201cHelloW\u201d). Dopodich\u00e9, selezionate Executable (perch\u00e9 vogliamo creare un programma eseguibile in questo caso) e \u201cHello World Ansi C Project\u201d. Fate attenzione a scegliere \u201cLinux GCC\u201d nella lista Toolchains (\u00e8 il compilatore gi\u00e0 presente nei sistemi Linux). A questo punto, premete \u201cFinish\u201d per creare il progetto.<\/p>\n<p><a href=\"https:\/\/collab.di.uniba.it\/fabio\/wp-content\/uploads\/sites\/5\/2015\/02\/Screenshot-from-2015-02-23-180657.png\"><img loading=\"lazy\" decoding=\"async\" class=\" wp-image-632  aligncenter\" title=\"helloworld\" src=\"https:\/\/collab.di.uniba.it\/fabio\/wp-content\/uploads\/sites\/5\/2015\/02\/Screenshot-from-2015-02-23-180657.png\" alt=\"\" width=\"432\" height=\"535\" \/><\/a><\/p>\n<p style=\"text-align: center;\"><strong>Figura 2<\/strong><\/p>\n<p>Una volta creato, il progetto conterr\u00e0 uno scheletro main.c per la stampa di una stringa. Per ottenere &#8220;l&#8217;eseguibile&#8221; del codice, compilare il sorgente premendo il tasto &#8220;Build All&#8221; (Ctrl+b) nella toolbar.<\/p>\n<p><a href=\"https:\/\/collab.di.uniba.it\/fabio\/wp-content\/uploads\/sites\/5\/2015\/02\/Screenshot-from-2015-02-23-181940.png\"><img loading=\"lazy\" decoding=\"async\" class=\"  wp-image-633 size-full aligncenter\" title=\"helloworld\" src=\"https:\/\/collab.di.uniba.it\/fabio\/wp-content\/uploads\/sites\/5\/2015\/02\/Screenshot-from-2015-02-23-181940.png\" alt=\"\" width=\"606\" height=\"114\" \/><\/a><\/p>\n<p style=\"text-align: center;\"><strong>Figura 2<\/strong><\/p>\n<p>&nbsp;<\/p>\n<p>Se tutto \u00e8 andato a buon fine, troverete una cartella \u201cBinaries\u201d tra le cartelle di progetto.\u00a0Selezionate il file nella cartella Binaries (in questo caso HelloW).\u00a0A questo punto potete eseguire il programma compilato all\u2019interno di eclipse,\u00a0\u00a0premendo il tasto \u201cRun\u201d\u00a0\u00a0sulla toolbar e selezionate \u201cRun As &gt; Local C\/C++ Application\u201d, come da figura. L\u2019output del programma comparir\u00e0 nella vista \u201cConsole\u201d in basso.<\/p>\n<p><a href=\"https:\/\/collab.di.uniba.it\/fabio\/wp-content\/uploads\/sites\/5\/2015\/02\/Screenshot-from-2015-02-23-182450.png\"><img loading=\"lazy\" decoding=\"async\" class=\" wp-image-634  aligncenter\" title=\"run\" src=\"https:\/\/collab.di.uniba.it\/fabio\/wp-content\/uploads\/sites\/5\/2015\/02\/Screenshot-from-2015-02-23-182450.png\" alt=\"\" width=\"776\" height=\"508\" \/><\/a><\/p>\n<p style=\"text-align: center;\"><strong>Figura 3<\/strong><\/p>\n<p>&nbsp;<\/p>\n<p>Poich\u00e9 la nostra applicazione avr\u00e0 bisogno di eseguire casi di test in CUnit, \u00e8 necessario informare il compilatore su dove trovare la libreria esterna. Per far questo, selezionate la cartella del progetto, premete il tasto destro e quindi scegliete \u201cPropriet\u00e0\u201d (figura 4).\u00a0Dalla finestra delle propriet\u00e0, scegliete \u201cC\/C++ Build &gt; Settings\u201d. Dopodich\u00e8, nel tab \u201cSettings\u201d scegliete la voce \u201cLibraries\u201d sotto la voce \u201cGCC C Linker\u201d. Quindi cliccate sul tasto per aggiungere la libreria. Per includere le librerie inerenti CUnit dovete soltanto scrivere \u201ccunit\u201d.<\/p>\n<p><a href=\"https:\/\/collab.di.uniba.it\/fabio\/wp-content\/uploads\/sites\/5\/2015\/02\/Screenshot-from-2015-02-24-105347.png\"><img loading=\"lazy\" decoding=\"async\" class=\" wp-image-635  alignnone\" title=\"cunit\" src=\"https:\/\/collab.di.uniba.it\/fabio\/wp-content\/uploads\/sites\/5\/2015\/02\/Screenshot-from-2015-02-24-105347.png\" alt=\"\" width=\"204\" height=\"419\" \/><\/a>\u00a0 \u00a0 <a href=\"https:\/\/collab.di.uniba.it\/fabio\/wp-content\/uploads\/sites\/5\/2015\/02\/Screenshot-from-2015-02-24-110110.png\"><img loading=\"lazy\" decoding=\"async\" class=\"alignnone wp-image-636 \" title=\"cunit\" src=\"https:\/\/collab.di.uniba.it\/fabio\/wp-content\/uploads\/sites\/5\/2015\/02\/Screenshot-from-2015-02-24-110110.png\" alt=\"\" width=\"392\" height=\"424\" \/><\/a>\u00a0 \u00a0<a href=\"https:\/\/collab.di.uniba.it\/fabio\/wp-content\/uploads\/sites\/5\/2015\/02\/Screenshot-from-2015-02-24-110347.png\"><img loading=\"lazy\" decoding=\"async\" class=\"alignnone wp-image-637 \" title=\"cunit\" src=\"https:\/\/collab.di.uniba.it\/fabio\/wp-content\/uploads\/sites\/5\/2015\/02\/Screenshot-from-2015-02-24-110347.png\" alt=\"\" width=\"381\" height=\"418\" \/><\/a><\/p>\n<p style=\"text-align: center;\"><strong>Figura 4<\/strong><\/p>\n","protected":false},"excerpt":{"rendered":"<p>Questo tutorial descrive i passi necessari per l&#8217;installazione e la configurazione su macchine Linux (Ubuntu e distribuzioni derivate)\u00a0dell&#8217;ambiente di sviluppo Eclipse CDT con CUnit. Sono necessari i privilegi di root (sudo user). Nota per gli altri OS *nix Per sistemi<\/p>\n","protected":false},"author":2,"featured_media":0,"parent":25,"menu_order":0,"comment_status":"closed","ping_status":"open","template":"","meta":{"footnotes":""},"class_list":["post-623","page","type-page","status-publish","hentry"],"yoast_head":"<!-- This site is optimized with the Yoast SEO plugin v27.3 - https:\/\/yoast.com\/product\/yoast-seo-wordpress\/ -->\n<title>Guida installazione e configurazione ambiente di sviluppo Eclipse CDT &amp; CUnit [#Linux] - Fabio Calefato<\/title>\n<meta name=\"robots\" content=\"index, follow, max-snippet:-1, max-image-preview:large, max-video-preview:-1\" \/>\n<link rel=\"canonical\" href=\"https:\/\/collab.di.uniba.it\/fabio\/guide\/guida-installazione-e-configurazione-ambiente-di-sviluppo-eclipse-cdt-cunit-linux\/\" \/>\n<meta property=\"og:locale\" content=\"en_US\" \/>\n<meta property=\"og:type\" content=\"article\" \/>\n<meta property=\"og:title\" content=\"Guida installazione e configurazione ambiente di sviluppo Eclipse CDT &amp; CUnit [#Linux] - Fabio Calefato\" \/>\n<meta property=\"og:description\" content=\"Questo tutorial descrive i passi necessari per l&#8217;installazione e la configurazione su macchine Linux (Ubuntu e distribuzioni derivate)\u00a0dell&#8217;ambiente di sviluppo Eclipse CDT con CUnit. Sono necessari i privilegi di root (sudo user). Nota per gli altri OS *nix Per sistemi\" \/>\n<meta property=\"og:url\" content=\"https:\/\/collab.di.uniba.it\/fabio\/guide\/guida-installazione-e-configurazione-ambiente-di-sviluppo-eclipse-cdt-cunit-linux\/\" \/>\n<meta property=\"og:site_name\" content=\"Fabio Calefato\" \/>\n<meta property=\"article:modified_time\" content=\"2015-03-06T17:44:12+00:00\" \/>\n<meta property=\"og:image\" content=\"https:\/\/collab.di.uniba.it\/fabio\/wp-content\/uploads\/sites\/5\/2015\/02\/Screenshot-from-2015-02-23-174756.png\" \/>\n<meta name=\"twitter:card\" content=\"summary_large_image\" \/>\n<meta name=\"twitter:label1\" content=\"Est. reading time\" \/>\n\t<meta name=\"twitter:data1\" content=\"2 minutes\" \/>\n<script type=\"application\/ld+json\" class=\"yoast-schema-graph\">{\"@context\":\"https:\\\/\\\/schema.org\",\"@graph\":[{\"@type\":\"WebPage\",\"@id\":\"https:\\\/\\\/collab.di.uniba.it\\\/fabio\\\/guide\\\/guida-installazione-e-configurazione-ambiente-di-sviluppo-eclipse-cdt-cunit-linux\\\/\",\"url\":\"https:\\\/\\\/collab.di.uniba.it\\\/fabio\\\/guide\\\/guida-installazione-e-configurazione-ambiente-di-sviluppo-eclipse-cdt-cunit-linux\\\/\",\"name\":\"Guida installazione e configurazione ambiente di sviluppo Eclipse CDT &amp; CUnit [#Linux] - Fabio Calefato\",\"isPartOf\":{\"@id\":\"https:\\\/\\\/collab.di.uniba.it\\\/fabio\\\/#website\"},\"primaryImageOfPage\":{\"@id\":\"https:\\\/\\\/collab.di.uniba.it\\\/fabio\\\/guide\\\/guida-installazione-e-configurazione-ambiente-di-sviluppo-eclipse-cdt-cunit-linux\\\/#primaryimage\"},\"image\":{\"@id\":\"https:\\\/\\\/collab.di.uniba.it\\\/fabio\\\/guide\\\/guida-installazione-e-configurazione-ambiente-di-sviluppo-eclipse-cdt-cunit-linux\\\/#primaryimage\"},\"thumbnailUrl\":\"https:\\\/\\\/collab.di.uniba.it\\\/fabio\\\/wp-content\\\/uploads\\\/sites\\\/5\\\/2015\\\/02\\\/Screenshot-from-2015-02-23-174756.png\",\"datePublished\":\"2015-02-23T16:09:10+00:00\",\"dateModified\":\"2015-03-06T17:44:12+00:00\",\"breadcrumb\":{\"@id\":\"https:\\\/\\\/collab.di.uniba.it\\\/fabio\\\/guide\\\/guida-installazione-e-configurazione-ambiente-di-sviluppo-eclipse-cdt-cunit-linux\\\/#breadcrumb\"},\"inLanguage\":\"en-US\",\"potentialAction\":[{\"@type\":\"ReadAction\",\"target\":[\"https:\\\/\\\/collab.di.uniba.it\\\/fabio\\\/guide\\\/guida-installazione-e-configurazione-ambiente-di-sviluppo-eclipse-cdt-cunit-linux\\\/\"]}]},{\"@type\":\"ImageObject\",\"inLanguage\":\"en-US\",\"@id\":\"https:\\\/\\\/collab.di.uniba.it\\\/fabio\\\/guide\\\/guida-installazione-e-configurazione-ambiente-di-sviluppo-eclipse-cdt-cunit-linux\\\/#primaryimage\",\"url\":\"https:\\\/\\\/collab.di.uniba.it\\\/fabio\\\/wp-content\\\/uploads\\\/sites\\\/5\\\/2015\\\/02\\\/Screenshot-from-2015-02-23-174756.png\",\"contentUrl\":\"https:\\\/\\\/collab.di.uniba.it\\\/fabio\\\/wp-content\\\/uploads\\\/sites\\\/5\\\/2015\\\/02\\\/Screenshot-from-2015-02-23-174756.png\"},{\"@type\":\"BreadcrumbList\",\"@id\":\"https:\\\/\\\/collab.di.uniba.it\\\/fabio\\\/guide\\\/guida-installazione-e-configurazione-ambiente-di-sviluppo-eclipse-cdt-cunit-linux\\\/#breadcrumb\",\"itemListElement\":[{\"@type\":\"ListItem\",\"position\":1,\"name\":\"Home\",\"item\":\"https:\\\/\\\/collab.di.uniba.it\\\/fabio\\\/\"},{\"@type\":\"ListItem\",\"position\":2,\"name\":\"Guide\",\"item\":\"https:\\\/\\\/collab.di.uniba.it\\\/fabio\\\/guide\\\/\"},{\"@type\":\"ListItem\",\"position\":3,\"name\":\"Guida installazione e configurazione ambiente di sviluppo Eclipse CDT &amp; CUnit [#Linux]\"}]},{\"@type\":\"WebSite\",\"@id\":\"https:\\\/\\\/collab.di.uniba.it\\\/fabio\\\/#website\",\"url\":\"https:\\\/\\\/collab.di.uniba.it\\\/fabio\\\/\",\"name\":\"Fabio Calefato\",\"description\":\"Collab - University of Bari, Italy\",\"publisher\":{\"@id\":\"https:\\\/\\\/collab.di.uniba.it\\\/fabio\\\/#\\\/schema\\\/person\\\/e7e1b628aeb0c1cf2fe1f6695a433955\"},\"potentialAction\":[{\"@type\":\"SearchAction\",\"target\":{\"@type\":\"EntryPoint\",\"urlTemplate\":\"https:\\\/\\\/collab.di.uniba.it\\\/fabio\\\/?s={search_term_string}\"},\"query-input\":{\"@type\":\"PropertyValueSpecification\",\"valueRequired\":true,\"valueName\":\"search_term_string\"}}],\"inLanguage\":\"en-US\"},{\"@type\":[\"Person\",\"Organization\"],\"@id\":\"https:\\\/\\\/collab.di.uniba.it\\\/fabio\\\/#\\\/schema\\\/person\\\/e7e1b628aeb0c1cf2fe1f6695a433955\",\"name\":\"Fabio\",\"image\":{\"@type\":\"ImageObject\",\"inLanguage\":\"en-US\",\"@id\":\"https:\\\/\\\/collab.di.uniba.it\\\/fabio\\\/wp-content\\\/uploads\\\/sites\\\/5\\\/2023\\\/07\\\/profile_compressed.jpg\",\"url\":\"https:\\\/\\\/collab.di.uniba.it\\\/fabio\\\/wp-content\\\/uploads\\\/sites\\\/5\\\/2023\\\/07\\\/profile_compressed.jpg\",\"contentUrl\":\"https:\\\/\\\/collab.di.uniba.it\\\/fabio\\\/wp-content\\\/uploads\\\/sites\\\/5\\\/2023\\\/07\\\/profile_compressed.jpg\",\"width\":1224,\"height\":1038,\"caption\":\"Fabio\"},\"logo\":{\"@id\":\"https:\\\/\\\/collab.di.uniba.it\\\/fabio\\\/wp-content\\\/uploads\\\/sites\\\/5\\\/2023\\\/07\\\/profile_compressed.jpg\"},\"description\":\"mu legend zen mu legend power leveling cheap mu Legend zen\",\"sameAs\":[\"https:\\\/\\\/collab.di.uniba.it\\\/fabio\"]}]}<\/script>\n<!-- \/ Yoast SEO plugin. -->","yoast_head_json":{"title":"Guida installazione e configurazione ambiente di sviluppo Eclipse CDT &amp; CUnit [#Linux] - Fabio Calefato","robots":{"index":"index","follow":"follow","max-snippet":"max-snippet:-1","max-image-preview":"max-image-preview:large","max-video-preview":"max-video-preview:-1"},"canonical":"https:\/\/collab.di.uniba.it\/fabio\/guide\/guida-installazione-e-configurazione-ambiente-di-sviluppo-eclipse-cdt-cunit-linux\/","og_locale":"en_US","og_type":"article","og_title":"Guida installazione e configurazione ambiente di sviluppo Eclipse CDT &amp; CUnit [#Linux] - Fabio Calefato","og_description":"Questo tutorial descrive i passi necessari per l&#8217;installazione e la configurazione su macchine Linux (Ubuntu e distribuzioni derivate)\u00a0dell&#8217;ambiente di sviluppo Eclipse CDT con CUnit. Sono necessari i privilegi di root (sudo user). Nota per gli altri OS *nix Per sistemi","og_url":"https:\/\/collab.di.uniba.it\/fabio\/guide\/guida-installazione-e-configurazione-ambiente-di-sviluppo-eclipse-cdt-cunit-linux\/","og_site_name":"Fabio Calefato","article_modified_time":"2015-03-06T17:44:12+00:00","og_image":[{"url":"https:\/\/collab.di.uniba.it\/fabio\/wp-content\/uploads\/sites\/5\/2015\/02\/Screenshot-from-2015-02-23-174756.png","type":"","width":"","height":""}],"twitter_card":"summary_large_image","twitter_misc":{"Est. reading time":"2 minutes"},"schema":{"@context":"https:\/\/schema.org","@graph":[{"@type":"WebPage","@id":"https:\/\/collab.di.uniba.it\/fabio\/guide\/guida-installazione-e-configurazione-ambiente-di-sviluppo-eclipse-cdt-cunit-linux\/","url":"https:\/\/collab.di.uniba.it\/fabio\/guide\/guida-installazione-e-configurazione-ambiente-di-sviluppo-eclipse-cdt-cunit-linux\/","name":"Guida installazione e configurazione ambiente di sviluppo Eclipse CDT &amp; CUnit [#Linux] - Fabio Calefato","isPartOf":{"@id":"https:\/\/collab.di.uniba.it\/fabio\/#website"},"primaryImageOfPage":{"@id":"https:\/\/collab.di.uniba.it\/fabio\/guide\/guida-installazione-e-configurazione-ambiente-di-sviluppo-eclipse-cdt-cunit-linux\/#primaryimage"},"image":{"@id":"https:\/\/collab.di.uniba.it\/fabio\/guide\/guida-installazione-e-configurazione-ambiente-di-sviluppo-eclipse-cdt-cunit-linux\/#primaryimage"},"thumbnailUrl":"https:\/\/collab.di.uniba.it\/fabio\/wp-content\/uploads\/sites\/5\/2015\/02\/Screenshot-from-2015-02-23-174756.png","datePublished":"2015-02-23T16:09:10+00:00","dateModified":"2015-03-06T17:44:12+00:00","breadcrumb":{"@id":"https:\/\/collab.di.uniba.it\/fabio\/guide\/guida-installazione-e-configurazione-ambiente-di-sviluppo-eclipse-cdt-cunit-linux\/#breadcrumb"},"inLanguage":"en-US","potentialAction":[{"@type":"ReadAction","target":["https:\/\/collab.di.uniba.it\/fabio\/guide\/guida-installazione-e-configurazione-ambiente-di-sviluppo-eclipse-cdt-cunit-linux\/"]}]},{"@type":"ImageObject","inLanguage":"en-US","@id":"https:\/\/collab.di.uniba.it\/fabio\/guide\/guida-installazione-e-configurazione-ambiente-di-sviluppo-eclipse-cdt-cunit-linux\/#primaryimage","url":"https:\/\/collab.di.uniba.it\/fabio\/wp-content\/uploads\/sites\/5\/2015\/02\/Screenshot-from-2015-02-23-174756.png","contentUrl":"https:\/\/collab.di.uniba.it\/fabio\/wp-content\/uploads\/sites\/5\/2015\/02\/Screenshot-from-2015-02-23-174756.png"},{"@type":"BreadcrumbList","@id":"https:\/\/collab.di.uniba.it\/fabio\/guide\/guida-installazione-e-configurazione-ambiente-di-sviluppo-eclipse-cdt-cunit-linux\/#breadcrumb","itemListElement":[{"@type":"ListItem","position":1,"name":"Home","item":"https:\/\/collab.di.uniba.it\/fabio\/"},{"@type":"ListItem","position":2,"name":"Guide","item":"https:\/\/collab.di.uniba.it\/fabio\/guide\/"},{"@type":"ListItem","position":3,"name":"Guida installazione e configurazione ambiente di sviluppo Eclipse CDT &amp; CUnit [#Linux]"}]},{"@type":"WebSite","@id":"https:\/\/collab.di.uniba.it\/fabio\/#website","url":"https:\/\/collab.di.uniba.it\/fabio\/","name":"Fabio Calefato","description":"Collab - University of Bari, Italy","publisher":{"@id":"https:\/\/collab.di.uniba.it\/fabio\/#\/schema\/person\/e7e1b628aeb0c1cf2fe1f6695a433955"},"potentialAction":[{"@type":"SearchAction","target":{"@type":"EntryPoint","urlTemplate":"https:\/\/collab.di.uniba.it\/fabio\/?s={search_term_string}"},"query-input":{"@type":"PropertyValueSpecification","valueRequired":true,"valueName":"search_term_string"}}],"inLanguage":"en-US"},{"@type":["Person","Organization"],"@id":"https:\/\/collab.di.uniba.it\/fabio\/#\/schema\/person\/e7e1b628aeb0c1cf2fe1f6695a433955","name":"Fabio","image":{"@type":"ImageObject","inLanguage":"en-US","@id":"https:\/\/collab.di.uniba.it\/fabio\/wp-content\/uploads\/sites\/5\/2023\/07\/profile_compressed.jpg","url":"https:\/\/collab.di.uniba.it\/fabio\/wp-content\/uploads\/sites\/5\/2023\/07\/profile_compressed.jpg","contentUrl":"https:\/\/collab.di.uniba.it\/fabio\/wp-content\/uploads\/sites\/5\/2023\/07\/profile_compressed.jpg","width":1224,"height":1038,"caption":"Fabio"},"logo":{"@id":"https:\/\/collab.di.uniba.it\/fabio\/wp-content\/uploads\/sites\/5\/2023\/07\/profile_compressed.jpg"},"description":"mu legend zen mu legend power leveling cheap mu Legend zen","sameAs":["https:\/\/collab.di.uniba.it\/fabio"]}]}},"jetpack_shortlink":"https:\/\/wp.me\/P5G9NP-a3","jetpack_sharing_enabled":true,"_links":{"self":[{"href":"https:\/\/collab.di.uniba.it\/fabio\/wp-json\/wp\/v2\/pages\/623","targetHints":{"allow":["GET"]}}],"collection":[{"href":"https:\/\/collab.di.uniba.it\/fabio\/wp-json\/wp\/v2\/pages"}],"about":[{"href":"https:\/\/collab.di.uniba.it\/fabio\/wp-json\/wp\/v2\/types\/page"}],"author":[{"embeddable":true,"href":"https:\/\/collab.di.uniba.it\/fabio\/wp-json\/wp\/v2\/users\/2"}],"replies":[{"embeddable":true,"href":"https:\/\/collab.di.uniba.it\/fabio\/wp-json\/wp\/v2\/comments?post=623"}],"version-history":[{"count":8,"href":"https:\/\/collab.di.uniba.it\/fabio\/wp-json\/wp\/v2\/pages\/623\/revisions"}],"predecessor-version":[{"id":661,"href":"https:\/\/collab.di.uniba.it\/fabio\/wp-json\/wp\/v2\/pages\/623\/revisions\/661"}],"up":[{"embeddable":true,"href":"https:\/\/collab.di.uniba.it\/fabio\/wp-json\/wp\/v2\/pages\/25"}],"wp:attachment":[{"href":"https:\/\/collab.di.uniba.it\/fabio\/wp-json\/wp\/v2\/media?parent=623"}],"curies":[{"name":"wp","href":"https:\/\/api.w.org\/{rel}","templated":true}]}}