{"id":27,"date":"2012-02-27T17:09:54","date_gmt":"2012-02-27T17:09:54","guid":{"rendered":"http:\/\/collab.di.uniba.it\/~fabio\/wordpress\/?page_id=27"},"modified":"2015-03-20T10:36:08","modified_gmt":"2015-03-20T09:36:08","slug":"guida-installazione-e-configurazione-ambiente-di-sviluppo-eclipse-cdt-cunit-windows","status":"publish","type":"page","link":"https:\/\/collab.di.uniba.it\/fabio\/guide\/guida-installazione-e-configurazione-ambiente-di-sviluppo-eclipse-cdt-cunit-windows\/","title":{"rendered":"Guida installazione e configurazione ambiente di sviluppo Eclipse CDT &amp; CUnit [#Windows]"},"content":{"rendered":"<p>Questo tutorial descrive i passi necessari per l&#8217;installazione e la configurazione su macchine Windows dell&#8217;ambiente di sviluppo Eclipse CDT con CUnit.<\/p>\n<p>Prima di procedere all&#8217;installazione, occorre effettuare il dowload dei seguenti pacchetti:<\/p>\n<ol>\n<li><a href=\"http:\/\/www.eclipse.org\/downloads\/\" target=\"_blank\">Eclipse CDT per Windows<\/a><\/li>\n<li><a href=\"http:\/\/sourceforge.net\/projects\/mingw\/files\/Installer\/mingw-get-setup.exe\/download\" target=\"_blank\">MinGW<\/a><\/li>\n<li><a href=\"https:\/\/collab.di.uniba.it\/~fabio\/lab-info\/CUnit-2.1-0-winlib.zip\">CUnit test framework<\/a><\/li>\n<\/ol>\n<h3>Installazione Eclipse CDT in Windows<\/h3>\n<p>Questo passo provvede a installare l&#8217;ambiente Eclipse CDT.\u00a0Effettuate il download di \u201cEclipse IDE for C\/C++ Developers\u201d, accertandovi\u00a0di selezionare il sistema operativo corretto e l&#8217;architettura giusta (32 o 64 bit).<\/p>\n<p>Per \u00a0installare \u00e8 sufficiente decomprimere\u00a0l\u2019archivio in una cartella qualunque,\u00a0\u00a0per es. \u201cC<em>:\\eclipsecdt<\/em>\u201d.<\/p>\n<p style=\"text-align: center;\">\u00a0<a href=\"https:\/\/collab.di.uniba.it\/fabio\/wp-content\/uploads\/sites\/5\/2012\/02\/downloadcdt.png\"><img loading=\"lazy\" decoding=\"async\" class=\"alignnone wp-image-62 size-medium\" title=\"downloadcdt\" src=\"https:\/\/collab.di.uniba.it\/fabio\/wp-content\/uploads\/sites\/5\/2012\/02\/downloadcdt-300x208.png\" alt=\"\" width=\"300\" height=\"208\" srcset=\"https:\/\/collab.di.uniba.it\/fabio\/wp-content\/uploads\/sites\/5\/2012\/02\/downloadcdt-300x208.png 300w, https:\/\/collab.di.uniba.it\/fabio\/wp-content\/uploads\/sites\/5\/2012\/02\/downloadcdt.png 396w\" sizes=\"auto, (max-width: 300px) 100vw, 300px\" \/><\/a><\/p>\n<p style=\"text-align: center;\"><strong>Figura 1<\/strong><\/p>\n<p>Nota: Eclipse \u00e8 un&#8217;applicazione Java. Pertanto, per essere eseguita, ha bisogno che abbiate installata sulla vostra macchina il runtime environment. Potete scaricare il JRE da questo\u00a0<a href=\"http:\/\/www.oracle.com\/technetwork\/java\/javase\/downloads\/index.html\" target=\"_blank\">indirizzo<\/a>.<\/p>\n<h3>Installazione MinGW<\/h3>\n<p>Effettuate il download del compilatore MinGW (GCC) scaricando ed eseguendo il file &#8220;mingw-get-setup.&#8221; (Nota: avrete bisogno di essere collegati a Internet per eseguire l&#8217;installazione).\u00a0Lanciato, l&#8217;installer di MinGW, per prima cosa espandete la voce \u201cAll Packages\u201d, quindi selezionate &#8220;MinGW Base system&#8221; nell&#8217;albero a sinistra, individuate nella lista a destra la voce &#8220;mingw32-base&#8221; e con il tasto destro scegliete &#8220;Mark for installation&#8221;. A questo punto, dal menu &#8220;Installation&#8221; in alto a sinistra scegliete la voce &#8220;Apply changes&#8221; e poi premete sul pulsante \u201cApply\u201d: l&#8217;installer si scaricher\u00e0 e installer\u00e0 automaticamente l&#8217;ultima versione del compilatore e le sue dipendenze.<\/p>\n<p style=\"text-align: center;\"><strong><a href=\"http:\/\/193.204.187.161\/fabiocorsi\/wp-content\/uploads\/sites\/5\/2014\/02\/mingw-installer.png\"><img loading=\"lazy\" decoding=\"async\" class=\"aligncenter  wp-image-290\" src=\"http:\/\/193.204.187.161\/fabiocorsi\/wp-content\/uploads\/sites\/5\/2014\/02\/mingw-installer.png\" alt=\"mingw installer\" width=\"395\" height=\"321\" srcset=\"https:\/\/collab.di.uniba.it\/fabio\/wp-content\/uploads\/sites\/5\/2014\/02\/mingw-installer.png 888w, https:\/\/collab.di.uniba.it\/fabio\/wp-content\/uploads\/sites\/5\/2014\/02\/mingw-installer-300x244.png 300w\" sizes=\"auto, (max-width: 395px) 100vw, 395px\" \/><\/a><\/strong><strong><a href=\"https:\/\/collab.di.uniba.it\/fabio\/wp-content\/uploads\/sites\/5\/2012\/02\/fig2b.png\"><img loading=\"lazy\" decoding=\"async\" class=\"alignnone wp-image-605\" src=\"https:\/\/collab.di.uniba.it\/fabio\/wp-content\/uploads\/sites\/5\/2012\/02\/fig2b-300x156.png\" alt=\"\" width=\"500\" height=\"259\" srcset=\"https:\/\/collab.di.uniba.it\/fabio\/wp-content\/uploads\/sites\/5\/2012\/02\/fig2b-300x156.png 300w, https:\/\/collab.di.uniba.it\/fabio\/wp-content\/uploads\/sites\/5\/2012\/02\/fig2b.png 860w\" sizes=\"auto, (max-width: 500px) 100vw, 500px\" \/><\/a><\/strong><\/p>\n<p style=\"text-align: center;\"><strong>Figura 2<\/strong><\/p>\n<p>Terminata l&#8217;installazione, aggiungete il percorso \u201c<strong>C:\\MinGW\\bin<\/strong>\u201d alla variabile di ambiente\u00a0<em>Path<\/em>. Per fare questo, cliccate con il tasto destro su \u201cComputer\u201d e Scegliete \u201cPropriet\u00e0\u201d. Selezionate il tab \u201cImpostazioni Avanzate\u201d e quindi premete il bottone \u201cVariabili di ambiente\u201d. Selezionate la variabile di ambiente\u00a0<em>Path<\/em>\u00a0dalla lista e cliccate \u201cModifica\u201d. Nel campo \u201cValore variabile\u201d dovete aggiungere il percorso \u201c<strong>C:\\MinGW\\bin<\/strong>\u201d . \u00c8 importante che 1) non cancelliate i percorsi preesistenti; 2) tutti i percorsi in questo campo siano separati da dei \u201c;\u201d senza aggiungere spazi.<\/p>\n<p><a href=\"http:\/\/193.204.187.161\/fabiocorsi\/wp-content\/uploads\/sites\/5\/2012\/02\/path-2.png\"><img loading=\"lazy\" decoding=\"async\" class=\"aligncenter size-full wp-image-66\" title=\"path\" src=\"http:\/\/193.204.187.161\/fabiocorsi\/wp-content\/uploads\/sites\/5\/2012\/02\/path-2.png\" alt=\"\" width=\"517\" height=\"380\" srcset=\"https:\/\/collab.di.uniba.it\/fabio\/wp-content\/uploads\/sites\/5\/2012\/02\/path-2.png 517w, https:\/\/collab.di.uniba.it\/fabio\/wp-content\/uploads\/sites\/5\/2012\/02\/path-2-300x220.png 300w\" sizes=\"auto, (max-width: 517px) 100vw, 517px\" \/><\/a><\/p>\n<p style=\"text-align: center;\"><strong>Figura 3<\/strong><\/p>\n<p>Verificate che l\u2019installazione di gcc sia andata a buon fine. Aprite la finestra dei comandi e digitate il comando\u00a0<strong><em>gcc \u2010v<\/em><\/strong>. Se il setup \u00e8 andato a buon fine, vedrete un output simile al seguente:<\/p>\n<p><a href=\"http:\/\/193.204.187.161\/fabiocorsi\/wp-content\/uploads\/sites\/5\/2012\/02\/command.png\"><img loading=\"lazy\" decoding=\"async\" class=\"aligncenter size-full wp-image-67\" title=\"command\" src=\"http:\/\/193.204.187.161\/fabiocorsi\/wp-content\/uploads\/sites\/5\/2012\/02\/command.png\" alt=\"\" width=\"451\" height=\"157\" srcset=\"https:\/\/collab.di.uniba.it\/fabio\/wp-content\/uploads\/sites\/5\/2012\/02\/command.png 451w, https:\/\/collab.di.uniba.it\/fabio\/wp-content\/uploads\/sites\/5\/2012\/02\/command-300x104.png 300w\" sizes=\"auto, (max-width: 451px) 100vw, 451px\" \/><\/a><\/p>\n<p style=\"text-align: center;\"><strong>Figura 4\u00a0<\/strong><\/p>\n<h3>Installazione CUnit<\/h3>\n<p>Scaricate lo zip di\u00a0<a href=\"https:\/\/collab.di.uniba.it\/fabio\/wp-content\/uploads\/sites\/5\/2012\/02\/CUnit-2.1-0-winlib.zip\" target=\"_blank\">CUnit<\/a> e scompattatelo in una cartella a scelta, per esempio\u00a0<strong>C:\\CUnit-2.1-0-winlib\\CUnit-2.1-0<\/strong>. All&#8217;interno della sottocartella\u00a0include\u00a0troverete un&#8217;altra cartella chiamata\u00a0<em>CUnit<\/em>. Prendetela e copiatela all&#8217;interno della cartella\u00a0<strong>C:\\MinGW\\include<\/strong>. Ora invece, andate nella cartella\u00a0<strong>C:\\CUnit-2.1-0-winlib\\CUnit-2.1-0\\lib<\/strong>. Vi troverete due file,\u00a0<em>libcunit.a<\/em>\u00a0e\u00a0<em>libcunit_dll.a<\/em>, che dovrete copiare in\u00a0<strong>C:\\MinGW\\lib<\/strong>. Infine, copiate il file\u00a0libcunit.dll\u00a0che si trova in\u00a0<strong>C:\\CUnit-2.1-0-winlib\\CUnit-2.1-0\\bin<\/strong>\u00a0all&#8217;interno della cartella\u00a0<strong>C:\\MinGW\\bin<\/strong>.<\/p>\n<h3>Configurazione Eclipse CDT<\/h3>\n<p>A questo punto siete pronti ad eseguire eclipse.exe e a compilare programmi C\/C++.\u00a0Avviate Eclipse e selezionate il workspace, cio\u00e8 la cartella dove risiederanno i progetti. Per creare un nuovo progetto C, selezionate il wizard corrispondente come da figura.<span style=\"text-align: center;\">\u00a0<\/span><\/p>\n<p><a href=\"http:\/\/193.204.187.161\/fabiocorsi\/wp-content\/uploads\/sites\/5\/2012\/02\/newproject-1.png\"><img loading=\"lazy\" decoding=\"async\" class=\"aligncenter size-full wp-image-69\" title=\"newproject\" src=\"http:\/\/193.204.187.161\/fabiocorsi\/wp-content\/uploads\/sites\/5\/2012\/02\/newproject-1.png\" alt=\"\" width=\"557\" height=\"366\" srcset=\"https:\/\/collab.di.uniba.it\/fabio\/wp-content\/uploads\/sites\/5\/2012\/02\/newproject-1.png 557w, https:\/\/collab.di.uniba.it\/fabio\/wp-content\/uploads\/sites\/5\/2012\/02\/newproject-1-300x197.png 300w\" sizes=\"auto, (max-width: 557px) 100vw, 557px\" \/><\/a><\/p>\n<p style=\"text-align: center;\"><strong>Figura 5<\/strong><\/p>\n<p>Nel wizard inserite il nome progetto (in questo caso \u201cHelloW\u201d). Dopodich\u00e9, selezionate Executable (perch\u00e9 vogliamo creare un programma eseguibile in questo caso) e \u201cHello World Ansi C Project\u201d. Fate attenzione a scegliere \u201cMinGW GCC\u201d nella lista toolchain (\u00e8 il compilatore che abbiamo installato nei passi precedenti). A questo punto, premete \u201cFinish\u201d per creare il progetto.<\/p>\n<p><a href=\"http:\/\/193.204.187.161\/fabiocorsi\/wp-content\/uploads\/sites\/5\/2012\/02\/helloworld.png\"><img loading=\"lazy\" decoding=\"async\" class=\"aligncenter size-full wp-image-70\" title=\"helloworld\" src=\"http:\/\/193.204.187.161\/fabiocorsi\/wp-content\/uploads\/sites\/5\/2012\/02\/helloworld.png\" alt=\"\" width=\"335\" height=\"365\" srcset=\"https:\/\/collab.di.uniba.it\/fabio\/wp-content\/uploads\/sites\/5\/2012\/02\/helloworld.png 335w, https:\/\/collab.di.uniba.it\/fabio\/wp-content\/uploads\/sites\/5\/2012\/02\/helloworld-275x300.png 275w\" sizes=\"auto, (max-width: 335px) 100vw, 335px\" \/><\/a><\/p>\n<p style=\"text-align: center;\"><strong>Figura 6<\/strong><\/p>\n<p>Una volta creato, il progetto conterr\u00e0 uno scheletro main.c per la stampa di una stringa. Per compilare, premete il simbolo del martello oppure CTRL+b. Se tutto \u00e8 andato a buon fine, troverete una cartella \u201cBinaries\u201d tra le cartelle di progetto.\u00a0Selezionate il file exe nella cartella Binaries.\u00a0A questo punto potete eseguire il programma compilato all\u2019interno di eclipse,\u00a0\u00a0premendo il tasto \u201cRun\u201d\u00a0\u00a0sulla toolbar e selezionate \u201cRun As &gt; Local C\/C++ Application\u201d, come da figura. L\u2019output del programma comparir\u00e0 nella vista \u201cConsole\u201d in basso.<\/p>\n<p><a href=\"http:\/\/193.204.187.161\/fabiocorsi\/wp-content\/uploads\/sites\/5\/2012\/02\/run.png\"><img loading=\"lazy\" decoding=\"async\" class=\"aligncenter size-full wp-image-71\" title=\"run\" src=\"http:\/\/193.204.187.161\/fabiocorsi\/wp-content\/uploads\/sites\/5\/2012\/02\/run.png\" alt=\"\" width=\"489\" height=\"292\" srcset=\"https:\/\/collab.di.uniba.it\/fabio\/wp-content\/uploads\/sites\/5\/2012\/02\/run.png 489w, https:\/\/collab.di.uniba.it\/fabio\/wp-content\/uploads\/sites\/5\/2012\/02\/run-300x179.png 300w\" sizes=\"auto, (max-width: 489px) 100vw, 489px\" \/><\/a><\/p>\n<p style=\"text-align: center;\"><strong>Figura 7<\/strong><\/p>\n<p>Invece, per eseguire il programma \u201cesternamente\u201d dal prompt dei comandi, selezionate il file eseguibile, premete il tasto destro e dal menu contestuale selezionate \u201cOpen with &gt; System editor\u201d.<\/p>\n<p><a href=\"http:\/\/193.204.187.161\/fabiocorsi\/wp-content\/uploads\/sites\/5\/2012\/02\/openwith.png\"><img loading=\"lazy\" decoding=\"async\" class=\"aligncenter size-full wp-image-73\" title=\"openwith\" src=\"http:\/\/193.204.187.161\/fabiocorsi\/wp-content\/uploads\/sites\/5\/2012\/02\/openwith.png\" alt=\"\" width=\"365\" height=\"211\" srcset=\"https:\/\/collab.di.uniba.it\/fabio\/wp-content\/uploads\/sites\/5\/2012\/02\/openwith.png 365w, https:\/\/collab.di.uniba.it\/fabio\/wp-content\/uploads\/sites\/5\/2012\/02\/openwith-300x173.png 300w\" sizes=\"auto, (max-width: 365px) 100vw, 365px\" \/><\/a><\/p>\n<p style=\"text-align: center;\"><strong>Figura 8<\/strong><\/p>\n<p>Poich\u00e9 la nostra applicazione avr\u00e0 bisogno di eseguire casi di test in CUnit, \u00e8 necessario informare il compilatore su dove trovare la libreria esterna. Per far questo, selezionate la cartella del progetto, premete il tasto destro e quindi scegliete \u201cPropriet\u00e0\u201d. Dalla finestra delle propriet\u00e0, scegliete \u201cC\/C++ Build &gt; Settings\u201d. Dopodich\u00e8, nel tab \u201cSettings\u201d scegliete la voce \u201cLibraries\u201d sotto la voce \u201cMinGW C Linker\u201d. Quindi cliccate sul tasto\u00a0\u00a0per aggiungere la libreria. Per includere le librerie \u201clibcunit.a\u201d e \u201clibcunit_dll.a\u201d dovete soltanto scrivere \u201ccunit\u201d e \u201ccunit_dll\u201d.<\/p>\n<p><a href=\"http:\/\/193.204.187.161\/fabiocorsi\/wp-content\/uploads\/sites\/5\/2012\/02\/cunit.png\"><img loading=\"lazy\" decoding=\"async\" class=\"aligncenter size-full wp-image-74\" title=\"cunit\" src=\"http:\/\/193.204.187.161\/fabiocorsi\/wp-content\/uploads\/sites\/5\/2012\/02\/cunit.png\" alt=\"\" width=\"592\" height=\"360\" srcset=\"https:\/\/collab.di.uniba.it\/fabio\/wp-content\/uploads\/sites\/5\/2012\/02\/cunit.png 592w, https:\/\/collab.di.uniba.it\/fabio\/wp-content\/uploads\/sites\/5\/2012\/02\/cunit-300x182.png 300w\" sizes=\"auto, (max-width: 592px) 100vw, 592px\" \/><\/a><\/p>\n<p style=\"text-align: center;\"><strong>Figura 9<\/strong><\/p>\n","protected":false},"excerpt":{"rendered":"<p>Questo tutorial descrive i passi necessari per l&#8217;installazione e la configurazione su macchine Windows dell&#8217;ambiente di sviluppo Eclipse CDT con CUnit. Prima di procedere all&#8217;installazione, occorre effettuare il dowload dei seguenti pacchetti: Eclipse CDT per Windows MinGW CUnit test framework<\/p>\n","protected":false},"author":2,"featured_media":0,"parent":25,"menu_order":0,"comment_status":"closed","ping_status":"open","template":"","meta":{"footnotes":""},"class_list":["post-27","page","type-page","status-publish","hentry"],"yoast_head":"<!-- This site is optimized with the Yoast SEO plugin v27.3 - https:\/\/yoast.com\/product\/yoast-seo-wordpress\/ -->\n<title>Guida installazione e configurazione ambiente di sviluppo Eclipse CDT &amp; CUnit [#Windows] - Fabio Calefato<\/title>\n<meta name=\"robots\" content=\"index, follow, max-snippet:-1, max-image-preview:large, max-video-preview:-1\" \/>\n<link rel=\"canonical\" href=\"https:\/\/collab.di.uniba.it\/fabio\/guide\/guida-installazione-e-configurazione-ambiente-di-sviluppo-eclipse-cdt-cunit-windows\/\" \/>\n<meta property=\"og:locale\" content=\"en_US\" \/>\n<meta property=\"og:type\" content=\"article\" \/>\n<meta property=\"og:title\" content=\"Guida installazione e configurazione ambiente di sviluppo Eclipse CDT &amp; CUnit [#Windows] - Fabio Calefato\" \/>\n<meta property=\"og:description\" content=\"Questo tutorial descrive i passi necessari per l&#8217;installazione e la configurazione su macchine Windows dell&#8217;ambiente di sviluppo Eclipse CDT con CUnit. Prima di procedere all&#8217;installazione, occorre effettuare il dowload dei seguenti pacchetti: Eclipse CDT per Windows MinGW CUnit test framework\" \/>\n<meta property=\"og:url\" content=\"https:\/\/collab.di.uniba.it\/fabio\/guide\/guida-installazione-e-configurazione-ambiente-di-sviluppo-eclipse-cdt-cunit-windows\/\" \/>\n<meta property=\"og:site_name\" content=\"Fabio Calefato\" \/>\n<meta property=\"article:modified_time\" content=\"2015-03-20T09:36:08+00:00\" \/>\n<meta property=\"og:image\" content=\"https:\/\/collab.di.uniba.it\/fabio\/wp-content\/uploads\/sites\/5\/2012\/02\/downloadcdt-300x208.png\" \/>\n<meta name=\"twitter:card\" content=\"summary_large_image\" \/>\n<meta name=\"twitter:label1\" content=\"Est. reading time\" \/>\n\t<meta name=\"twitter:data1\" content=\"4 minutes\" \/>\n<script type=\"application\/ld+json\" class=\"yoast-schema-graph\">{\"@context\":\"https:\\\/\\\/schema.org\",\"@graph\":[{\"@type\":\"WebPage\",\"@id\":\"https:\\\/\\\/collab.di.uniba.it\\\/fabio\\\/guide\\\/guida-installazione-e-configurazione-ambiente-di-sviluppo-eclipse-cdt-cunit-windows\\\/\",\"url\":\"https:\\\/\\\/collab.di.uniba.it\\\/fabio\\\/guide\\\/guida-installazione-e-configurazione-ambiente-di-sviluppo-eclipse-cdt-cunit-windows\\\/\",\"name\":\"Guida installazione e configurazione ambiente di sviluppo Eclipse CDT &amp; CUnit [#Windows] - Fabio Calefato\",\"isPartOf\":{\"@id\":\"https:\\\/\\\/collab.di.uniba.it\\\/fabio\\\/#website\"},\"primaryImageOfPage\":{\"@id\":\"https:\\\/\\\/collab.di.uniba.it\\\/fabio\\\/guide\\\/guida-installazione-e-configurazione-ambiente-di-sviluppo-eclipse-cdt-cunit-windows\\\/#primaryimage\"},\"image\":{\"@id\":\"https:\\\/\\\/collab.di.uniba.it\\\/fabio\\\/guide\\\/guida-installazione-e-configurazione-ambiente-di-sviluppo-eclipse-cdt-cunit-windows\\\/#primaryimage\"},\"thumbnailUrl\":\"https:\\\/\\\/collab.di.uniba.it\\\/fabio\\\/wp-content\\\/uploads\\\/sites\\\/5\\\/2012\\\/02\\\/downloadcdt-300x208.png\",\"datePublished\":\"2012-02-27T17:09:54+00:00\",\"dateModified\":\"2015-03-20T09:36:08+00:00\",\"breadcrumb\":{\"@id\":\"https:\\\/\\\/collab.di.uniba.it\\\/fabio\\\/guide\\\/guida-installazione-e-configurazione-ambiente-di-sviluppo-eclipse-cdt-cunit-windows\\\/#breadcrumb\"},\"inLanguage\":\"en-US\",\"potentialAction\":[{\"@type\":\"ReadAction\",\"target\":[\"https:\\\/\\\/collab.di.uniba.it\\\/fabio\\\/guide\\\/guida-installazione-e-configurazione-ambiente-di-sviluppo-eclipse-cdt-cunit-windows\\\/\"]}]},{\"@type\":\"ImageObject\",\"inLanguage\":\"en-US\",\"@id\":\"https:\\\/\\\/collab.di.uniba.it\\\/fabio\\\/guide\\\/guida-installazione-e-configurazione-ambiente-di-sviluppo-eclipse-cdt-cunit-windows\\\/#primaryimage\",\"url\":\"https:\\\/\\\/collab.di.uniba.it\\\/fabio\\\/wp-content\\\/uploads\\\/sites\\\/5\\\/2012\\\/02\\\/downloadcdt.png\",\"contentUrl\":\"https:\\\/\\\/collab.di.uniba.it\\\/fabio\\\/wp-content\\\/uploads\\\/sites\\\/5\\\/2012\\\/02\\\/downloadcdt.png\",\"width\":396,\"height\":275},{\"@type\":\"BreadcrumbList\",\"@id\":\"https:\\\/\\\/collab.di.uniba.it\\\/fabio\\\/guide\\\/guida-installazione-e-configurazione-ambiente-di-sviluppo-eclipse-cdt-cunit-windows\\\/#breadcrumb\",\"itemListElement\":[{\"@type\":\"ListItem\",\"position\":1,\"name\":\"Home\",\"item\":\"https:\\\/\\\/collab.di.uniba.it\\\/fabio\\\/\"},{\"@type\":\"ListItem\",\"position\":2,\"name\":\"Guide\",\"item\":\"https:\\\/\\\/collab.di.uniba.it\\\/fabio\\\/guide\\\/\"},{\"@type\":\"ListItem\",\"position\":3,\"name\":\"Guida installazione e configurazione ambiente di sviluppo Eclipse CDT &amp; CUnit [#Windows]\"}]},{\"@type\":\"WebSite\",\"@id\":\"https:\\\/\\\/collab.di.uniba.it\\\/fabio\\\/#website\",\"url\":\"https:\\\/\\\/collab.di.uniba.it\\\/fabio\\\/\",\"name\":\"Fabio Calefato\",\"description\":\"Collab - University of Bari, Italy\",\"publisher\":{\"@id\":\"https:\\\/\\\/collab.di.uniba.it\\\/fabio\\\/#\\\/schema\\\/person\\\/e7e1b628aeb0c1cf2fe1f6695a433955\"},\"potentialAction\":[{\"@type\":\"SearchAction\",\"target\":{\"@type\":\"EntryPoint\",\"urlTemplate\":\"https:\\\/\\\/collab.di.uniba.it\\\/fabio\\\/?s={search_term_string}\"},\"query-input\":{\"@type\":\"PropertyValueSpecification\",\"valueRequired\":true,\"valueName\":\"search_term_string\"}}],\"inLanguage\":\"en-US\"},{\"@type\":[\"Person\",\"Organization\"],\"@id\":\"https:\\\/\\\/collab.di.uniba.it\\\/fabio\\\/#\\\/schema\\\/person\\\/e7e1b628aeb0c1cf2fe1f6695a433955\",\"name\":\"Fabio\",\"image\":{\"@type\":\"ImageObject\",\"inLanguage\":\"en-US\",\"@id\":\"https:\\\/\\\/collab.di.uniba.it\\\/fabio\\\/wp-content\\\/uploads\\\/sites\\\/5\\\/2023\\\/07\\\/profile_compressed.jpg\",\"url\":\"https:\\\/\\\/collab.di.uniba.it\\\/fabio\\\/wp-content\\\/uploads\\\/sites\\\/5\\\/2023\\\/07\\\/profile_compressed.jpg\",\"contentUrl\":\"https:\\\/\\\/collab.di.uniba.it\\\/fabio\\\/wp-content\\\/uploads\\\/sites\\\/5\\\/2023\\\/07\\\/profile_compressed.jpg\",\"width\":1224,\"height\":1038,\"caption\":\"Fabio\"},\"logo\":{\"@id\":\"https:\\\/\\\/collab.di.uniba.it\\\/fabio\\\/wp-content\\\/uploads\\\/sites\\\/5\\\/2023\\\/07\\\/profile_compressed.jpg\"},\"description\":\"mu legend zen mu legend power leveling cheap mu Legend zen\",\"sameAs\":[\"https:\\\/\\\/collab.di.uniba.it\\\/fabio\"]}]}<\/script>\n<!-- \/ Yoast SEO plugin. -->","yoast_head_json":{"title":"Guida installazione e configurazione ambiente di sviluppo Eclipse CDT &amp; CUnit [#Windows] - Fabio Calefato","robots":{"index":"index","follow":"follow","max-snippet":"max-snippet:-1","max-image-preview":"max-image-preview:large","max-video-preview":"max-video-preview:-1"},"canonical":"https:\/\/collab.di.uniba.it\/fabio\/guide\/guida-installazione-e-configurazione-ambiente-di-sviluppo-eclipse-cdt-cunit-windows\/","og_locale":"en_US","og_type":"article","og_title":"Guida installazione e configurazione ambiente di sviluppo Eclipse CDT &amp; CUnit [#Windows] - Fabio Calefato","og_description":"Questo tutorial descrive i passi necessari per l&#8217;installazione e la configurazione su macchine Windows dell&#8217;ambiente di sviluppo Eclipse CDT con CUnit. Prima di procedere all&#8217;installazione, occorre effettuare il dowload dei seguenti pacchetti: Eclipse CDT per Windows MinGW CUnit test framework","og_url":"https:\/\/collab.di.uniba.it\/fabio\/guide\/guida-installazione-e-configurazione-ambiente-di-sviluppo-eclipse-cdt-cunit-windows\/","og_site_name":"Fabio Calefato","article_modified_time":"2015-03-20T09:36:08+00:00","og_image":[{"url":"https:\/\/collab.di.uniba.it\/fabio\/wp-content\/uploads\/sites\/5\/2012\/02\/downloadcdt-300x208.png","type":"","width":"","height":""}],"twitter_card":"summary_large_image","twitter_misc":{"Est. reading time":"4 minutes"},"schema":{"@context":"https:\/\/schema.org","@graph":[{"@type":"WebPage","@id":"https:\/\/collab.di.uniba.it\/fabio\/guide\/guida-installazione-e-configurazione-ambiente-di-sviluppo-eclipse-cdt-cunit-windows\/","url":"https:\/\/collab.di.uniba.it\/fabio\/guide\/guida-installazione-e-configurazione-ambiente-di-sviluppo-eclipse-cdt-cunit-windows\/","name":"Guida installazione e configurazione ambiente di sviluppo Eclipse CDT &amp; CUnit [#Windows] - Fabio Calefato","isPartOf":{"@id":"https:\/\/collab.di.uniba.it\/fabio\/#website"},"primaryImageOfPage":{"@id":"https:\/\/collab.di.uniba.it\/fabio\/guide\/guida-installazione-e-configurazione-ambiente-di-sviluppo-eclipse-cdt-cunit-windows\/#primaryimage"},"image":{"@id":"https:\/\/collab.di.uniba.it\/fabio\/guide\/guida-installazione-e-configurazione-ambiente-di-sviluppo-eclipse-cdt-cunit-windows\/#primaryimage"},"thumbnailUrl":"https:\/\/collab.di.uniba.it\/fabio\/wp-content\/uploads\/sites\/5\/2012\/02\/downloadcdt-300x208.png","datePublished":"2012-02-27T17:09:54+00:00","dateModified":"2015-03-20T09:36:08+00:00","breadcrumb":{"@id":"https:\/\/collab.di.uniba.it\/fabio\/guide\/guida-installazione-e-configurazione-ambiente-di-sviluppo-eclipse-cdt-cunit-windows\/#breadcrumb"},"inLanguage":"en-US","potentialAction":[{"@type":"ReadAction","target":["https:\/\/collab.di.uniba.it\/fabio\/guide\/guida-installazione-e-configurazione-ambiente-di-sviluppo-eclipse-cdt-cunit-windows\/"]}]},{"@type":"ImageObject","inLanguage":"en-US","@id":"https:\/\/collab.di.uniba.it\/fabio\/guide\/guida-installazione-e-configurazione-ambiente-di-sviluppo-eclipse-cdt-cunit-windows\/#primaryimage","url":"https:\/\/collab.di.uniba.it\/fabio\/wp-content\/uploads\/sites\/5\/2012\/02\/downloadcdt.png","contentUrl":"https:\/\/collab.di.uniba.it\/fabio\/wp-content\/uploads\/sites\/5\/2012\/02\/downloadcdt.png","width":396,"height":275},{"@type":"BreadcrumbList","@id":"https:\/\/collab.di.uniba.it\/fabio\/guide\/guida-installazione-e-configurazione-ambiente-di-sviluppo-eclipse-cdt-cunit-windows\/#breadcrumb","itemListElement":[{"@type":"ListItem","position":1,"name":"Home","item":"https:\/\/collab.di.uniba.it\/fabio\/"},{"@type":"ListItem","position":2,"name":"Guide","item":"https:\/\/collab.di.uniba.it\/fabio\/guide\/"},{"@type":"ListItem","position":3,"name":"Guida installazione e configurazione ambiente di sviluppo Eclipse CDT &amp; CUnit [#Windows]"}]},{"@type":"WebSite","@id":"https:\/\/collab.di.uniba.it\/fabio\/#website","url":"https:\/\/collab.di.uniba.it\/fabio\/","name":"Fabio Calefato","description":"Collab - University of Bari, Italy","publisher":{"@id":"https:\/\/collab.di.uniba.it\/fabio\/#\/schema\/person\/e7e1b628aeb0c1cf2fe1f6695a433955"},"potentialAction":[{"@type":"SearchAction","target":{"@type":"EntryPoint","urlTemplate":"https:\/\/collab.di.uniba.it\/fabio\/?s={search_term_string}"},"query-input":{"@type":"PropertyValueSpecification","valueRequired":true,"valueName":"search_term_string"}}],"inLanguage":"en-US"},{"@type":["Person","Organization"],"@id":"https:\/\/collab.di.uniba.it\/fabio\/#\/schema\/person\/e7e1b628aeb0c1cf2fe1f6695a433955","name":"Fabio","image":{"@type":"ImageObject","inLanguage":"en-US","@id":"https:\/\/collab.di.uniba.it\/fabio\/wp-content\/uploads\/sites\/5\/2023\/07\/profile_compressed.jpg","url":"https:\/\/collab.di.uniba.it\/fabio\/wp-content\/uploads\/sites\/5\/2023\/07\/profile_compressed.jpg","contentUrl":"https:\/\/collab.di.uniba.it\/fabio\/wp-content\/uploads\/sites\/5\/2023\/07\/profile_compressed.jpg","width":1224,"height":1038,"caption":"Fabio"},"logo":{"@id":"https:\/\/collab.di.uniba.it\/fabio\/wp-content\/uploads\/sites\/5\/2023\/07\/profile_compressed.jpg"},"description":"mu legend zen mu legend power leveling cheap mu Legend zen","sameAs":["https:\/\/collab.di.uniba.it\/fabio"]}]}},"jetpack_shortlink":"https:\/\/wp.me\/P5G9NP-r","jetpack_sharing_enabled":true,"_links":{"self":[{"href":"https:\/\/collab.di.uniba.it\/fabio\/wp-json\/wp\/v2\/pages\/27","targetHints":{"allow":["GET"]}}],"collection":[{"href":"https:\/\/collab.di.uniba.it\/fabio\/wp-json\/wp\/v2\/pages"}],"about":[{"href":"https:\/\/collab.di.uniba.it\/fabio\/wp-json\/wp\/v2\/types\/page"}],"author":[{"embeddable":true,"href":"https:\/\/collab.di.uniba.it\/fabio\/wp-json\/wp\/v2\/users\/2"}],"replies":[{"embeddable":true,"href":"https:\/\/collab.di.uniba.it\/fabio\/wp-json\/wp\/v2\/comments?post=27"}],"version-history":[{"count":12,"href":"https:\/\/collab.di.uniba.it\/fabio\/wp-json\/wp\/v2\/pages\/27\/revisions"}],"predecessor-version":[{"id":693,"href":"https:\/\/collab.di.uniba.it\/fabio\/wp-json\/wp\/v2\/pages\/27\/revisions\/693"}],"up":[{"embeddable":true,"href":"https:\/\/collab.di.uniba.it\/fabio\/wp-json\/wp\/v2\/pages\/25"}],"wp:attachment":[{"href":"https:\/\/collab.di.uniba.it\/fabio\/wp-json\/wp\/v2\/media?parent=27"}],"curies":[{"name":"wp","href":"https:\/\/api.w.org\/{rel}","templated":true}]}}